{"id":7834,"date":"2021-05-13T21:26:23","date_gmt":"2021-05-14T02:26:23","guid":{"rendered":"https:\/\/evangersdogfood.com\/?page_id=7834"},"modified":"2023-12-29T02:33:20","modified_gmt":"2023-12-29T08:33:20","slug":"home-page-2","status":"publish","type":"page","link":"https:\/\/evangersdogfood.com\/es\/","title":{"rendered":""},"content":{"rendered":"<div class=\"wpb-content-wrapper\">[vc_row row_type=\u00bb1&#8243;][vc_column][rev_slider_vc alias=\u00bbhomepage-slider\u00bb][\/vc_column][\/vc_row][vc_row row_type=\u00bb2&#8243; blox_padding_top=\u00bb10&#8243; blox_padding_bottom=\u00bb10&#8243; blox_dark=\u00bbtrue\u00bb blox_bgcolor=\u00bb#a81010&#8243;][vc_column width=\u00bb2\/3&#8243;]<hr class=\"vertical-space2\">[vc_column_text]\n<h3>Soluciones sanitarias para su mascota<\/h3>\n<p>\u00bfSu mascota tiene una dolencia? Utilice nuestro Buscador de Soluciones para ver si uno de nuestros productos alimentarios puede ayudarle.[\/vc_column_text]<hr class=\"vertical-space1\">[\/vc_column][vc_column width=\u00bb1\/3&#8243;][vc_empty_space height=\u00bb45px\u00bb]<a href=\"buscador-de-soluciones\/\" class=\"button white  large  \" target=\"_self\">Buscador de soluciones<\/a>[\/vc_column][\/vc_row][vc_row][vc_column]<hr class=\"vertical-space4\">[vc_column_text]\n<h1 style=\"text-align: center;\">Nuevo <span style=\"color: #a81010;\">Productos<\/span><\/h1>\n[\/vc_column_text]<hr class=\"vertical-space1\"><div class=\"woocommerce columns-4 \"><ul class=\"products columns-4\">\n<li class=\"product type-product post-8262 status-publish first instock product_cat-comida-de-gato product_tag-dieta-restringida-evx has-post-thumbnail taxable shipping-taxable purchasable product-type-simple\">\n\t<a href=\"https:\/\/evangersdogfood.com\/es\/product\/20093\/\" class=\"woocommerce-LoopProduct-link woocommerce-loop-product__link\"><img loading=\"lazy\" decoding=\"async\" width=\"300\" height=\"300\" src=\"https:\/\/evangersdogfood.com\/wp-content\/uploads\/Evx-Senior-and-Joint-Health-300x300.png\" class=\"attachment-woocommerce_thumbnail size-woocommerce_thumbnail\" alt=\"Dieta restringida EVx: salud de las articulaciones y personas mayores\" srcset=\"https:\/\/evangersdogfood.com\/wp-content\/uploads\/Evx-Senior-and-Joint-Health-300x300.png 300w, https:\/\/evangersdogfood.com\/wp-content\/uploads\/Evx-Senior-and-Joint-Health-150x150.png 150w, https:\/\/evangersdogfood.com\/wp-content\/uploads\/Evx-Senior-and-Joint-Health-460x460.png 460w, https:\/\/evangersdogfood.com\/wp-content\/uploads\/Evx-Senior-and-Joint-Health-60x60.png 60w, https:\/\/evangersdogfood.com\/wp-content\/uploads\/Evx-Senior-and-Joint-Health-90x90.png 90w, https:\/\/evangersdogfood.com\/wp-content\/uploads\/Evx-Senior-and-Joint-Health-100x100.png 100w, https:\/\/evangersdogfood.com\/wp-content\/uploads\/Evx-Senior-and-Joint-Health-350x350.png 350w, https:\/\/evangersdogfood.com\/wp-content\/uploads\/Evx-Senior-and-Joint-Health-51x51.png 51w, https:\/\/evangersdogfood.com\/wp-content\/uploads\/Evx-Senior-and-Joint-Health.png 500w\" sizes=\"auto, (max-width: 300px) 100vw, 300px\" \/><h2 class=\"woocommerce-loop-product__title\">Dieta restringida EVx: salud de las articulaciones y personas mayores<\/h2><div class=\"star-rating\" role=\"img\" aria-label=\"Valorado con 5.00 de 5\"><span style=\"width:100%\">Valorado con <strong class=\"rating\">5.00<\/strong> de 5<\/span><\/div>\n\t<span class=\"price\"><span class=\"woocommerce-Price-amount amount\"><bdi><span class=\"woocommerce-Price-currencySymbol\">&#36;<\/span>52.56<\/bdi><\/span><\/span>\n<\/a><a href=\"\/es\/wp-json\/wp\/v2\/pages\/7834?add-to-cart=8262\" aria-describedby=\"woocommerce_loop_add_to_cart_link_describedby_8262\" data-quantity=\"1\" class=\"button product_type_simple add_to_cart_button ajax_add_to_cart\" data-product_id=\"8262\" data-product_sku=\"20093\" aria-label=\"A\u00f1adir al carrito: &ldquo;Dieta restringida EVx: salud de las articulaciones y personas mayores&rdquo;\" rel=\"nofollow\" data-success_message=\"\u00abDieta restringida EVx: salud de las articulaciones y personas mayores\u00bb se ha a\u00f1adido a tu carrito\" role=\"button\">A\u00f1adir al carrito<\/a>\t<span id=\"woocommerce_loop_add_to_cart_link_describedby_8262\" class=\"screen-reader-text\">\n\t\t\t<\/span>\n<\/li>\n<li class=\"product type-product post-8263 status-publish instock product_cat-comida-de-gato product_tag-dieta-restringida-evx has-post-thumbnail taxable shipping-taxable purchasable product-type-simple\">\n\t<a href=\"https:\/\/evangersdogfood.com\/es\/product\/20090-2\/\" class=\"woocommerce-LoopProduct-link woocommerce-loop-product__link\"><img loading=\"lazy\" decoding=\"async\" width=\"300\" height=\"300\" src=\"https:\/\/evangersdogfood.com\/wp-content\/uploads\/Evx-Low-Phosphorus-300x300.png\" class=\"attachment-woocommerce_thumbnail size-woocommerce_thumbnail\" alt=\"EVx restringido: bajo contenido de f\u00f3sforo\" srcset=\"https:\/\/evangersdogfood.com\/wp-content\/uploads\/Evx-Low-Phosphorus-300x300.png 300w, https:\/\/evangersdogfood.com\/wp-content\/uploads\/Evx-Low-Phosphorus-100x100.png 100w, https:\/\/evangersdogfood.com\/wp-content\/uploads\/Evx-Low-Phosphorus-150x150.png 150w, https:\/\/evangersdogfood.com\/wp-content\/uploads\/Evx-Low-Phosphorus-460x460.png 460w, https:\/\/evangersdogfood.com\/wp-content\/uploads\/Evx-Low-Phosphorus-350x350.png 350w, https:\/\/evangersdogfood.com\/wp-content\/uploads\/Evx-Low-Phosphorus-51x51.png 51w, https:\/\/evangersdogfood.com\/wp-content\/uploads\/Evx-Low-Phosphorus.png 500w\" sizes=\"auto, (max-width: 300px) 100vw, 300px\" \/><h2 class=\"woocommerce-loop-product__title\">EVx restringido: bajo contenido de f\u00f3sforo<\/h2><div class=\"star-rating\" role=\"img\" aria-label=\"Valorado con 5.00 de 5\"><span style=\"width:100%\">Valorado con <strong class=\"rating\">5.00<\/strong> de 5<\/span><\/div>\n\t<span class=\"price\"><span class=\"woocommerce-Price-amount amount\"><bdi><span class=\"woocommerce-Price-currencySymbol\">&#36;<\/span>52.56<\/bdi><\/span><\/span>\n<\/a><a href=\"\/es\/wp-json\/wp\/v2\/pages\/7834?add-to-cart=8263\" aria-describedby=\"woocommerce_loop_add_to_cart_link_describedby_8263\" data-quantity=\"1\" class=\"button product_type_simple add_to_cart_button ajax_add_to_cart\" data-product_id=\"8263\" data-product_sku=\"077627200908\" aria-label=\"A\u00f1adir al carrito: &ldquo;EVx restringido: bajo contenido de f\u00f3sforo&rdquo;\" rel=\"nofollow\" data-success_message=\"\u00abEVx restringido: bajo contenido de f\u00f3sforo\u00bb se ha a\u00f1adido a tu carrito\" role=\"button\">A\u00f1adir al carrito<\/a>\t<span id=\"woocommerce_loop_add_to_cart_link_describedby_8263\" class=\"screen-reader-text\">\n\t\t\t<\/span>\n<\/li>\n<li class=\"product type-product post-8264 status-publish onbackorder product_cat-comida-de-gato product_tag-dieta-restringida-evx has-post-thumbnail taxable shipping-taxable purchasable product-type-simple\">\n\t<a href=\"https:\/\/evangersdogfood.com\/es\/product\/20094\/\" class=\"woocommerce-LoopProduct-link woocommerce-loop-product__link\"><img loading=\"lazy\" decoding=\"async\" width=\"300\" height=\"300\" src=\"https:\/\/evangersdogfood.com\/wp-content\/uploads\/Evx-Weight-Management-300x300.png\" class=\"attachment-woocommerce_thumbnail size-woocommerce_thumbnail\" alt=\"EVX Restricted: Weight Management\" srcset=\"https:\/\/evangersdogfood.com\/wp-content\/uploads\/Evx-Weight-Management-300x300.png 300w, https:\/\/evangersdogfood.com\/wp-content\/uploads\/Evx-Weight-Management-100x100.png 100w, https:\/\/evangersdogfood.com\/wp-content\/uploads\/Evx-Weight-Management-150x150.png 150w, https:\/\/evangersdogfood.com\/wp-content\/uploads\/Evx-Weight-Management-460x460.png 460w, https:\/\/evangersdogfood.com\/wp-content\/uploads\/Evx-Weight-Management-350x350.png 350w, https:\/\/evangersdogfood.com\/wp-content\/uploads\/Evx-Weight-Management-51x51.png 51w, https:\/\/evangersdogfood.com\/wp-content\/uploads\/Evx-Weight-Management.png 500w\" sizes=\"auto, (max-width: 300px) 100vw, 300px\" \/><h2 class=\"woocommerce-loop-product__title\">EVx restringido: control de peso<\/h2>\n\t<span class=\"price\"><span class=\"woocommerce-Price-amount amount\"><bdi><span class=\"woocommerce-Price-currencySymbol\">&#36;<\/span>52.56<\/bdi><\/span><\/span>\n<\/a><a href=\"\/es\/wp-json\/wp\/v2\/pages\/7834?add-to-cart=8264\" aria-describedby=\"woocommerce_loop_add_to_cart_link_describedby_8264\" data-quantity=\"1\" class=\"button product_type_simple add_to_cart_button ajax_add_to_cart\" data-product_id=\"8264\" data-product_sku=\"20094\" aria-label=\"A\u00f1adir al carrito: &ldquo;EVx restringido: control de peso&rdquo;\" rel=\"nofollow\" data-success_message=\"\u00abEVx restringido: control de peso\u00bb se ha a\u00f1adido a tu carrito\" role=\"button\">A\u00f1adir al carrito<\/a>\t<span id=\"woocommerce_loop_add_to_cart_link_describedby_8264\" class=\"screen-reader-text\">\n\t\t\t<\/span>\n<\/li>\n<li class=\"product type-product post-8265 status-publish last instock product_cat-comida-de-gato product_tag-dieta-restringida-evx has-post-thumbnail taxable shipping-taxable purchasable product-type-simple\">\n\t<a href=\"https:\/\/evangersdogfood.com\/es\/product\/20091\/\" class=\"woocommerce-LoopProduct-link woocommerce-loop-product__link\"><img loading=\"lazy\" decoding=\"async\" width=\"300\" height=\"300\" src=\"https:\/\/evangersdogfood.com\/wp-content\/uploads\/Evx-Urinary-Tract-300x300.png\" class=\"attachment-woocommerce_thumbnail size-woocommerce_thumbnail\" alt=\"EVx restringido: tracto urinario\" srcset=\"https:\/\/evangersdogfood.com\/wp-content\/uploads\/Evx-Urinary-Tract-300x300.png 300w, https:\/\/evangersdogfood.com\/wp-content\/uploads\/Evx-Urinary-Tract-100x100.png 100w, https:\/\/evangersdogfood.com\/wp-content\/uploads\/Evx-Urinary-Tract-150x150.png 150w, https:\/\/evangersdogfood.com\/wp-content\/uploads\/Evx-Urinary-Tract-460x460.png 460w, https:\/\/evangersdogfood.com\/wp-content\/uploads\/Evx-Urinary-Tract-350x350.png 350w, https:\/\/evangersdogfood.com\/wp-content\/uploads\/Evx-Urinary-Tract-51x51.png 51w, https:\/\/evangersdogfood.com\/wp-content\/uploads\/Evx-Urinary-Tract.png 500w\" sizes=\"auto, (max-width: 300px) 100vw, 300px\" \/><h2 class=\"woocommerce-loop-product__title\">EVx restringido: tracto urinario<\/h2><div class=\"star-rating\" role=\"img\" aria-label=\"Valorado con 4.81 de 5\"><span style=\"width:96.2%\">Valorado con <strong class=\"rating\">4.81<\/strong> de 5<\/span><\/div>\n\t<span class=\"price\"><span class=\"woocommerce-Price-amount amount\"><bdi><span class=\"woocommerce-Price-currencySymbol\">&#36;<\/span>52.56<\/bdi><\/span><\/span>\n<\/a><a href=\"\/es\/wp-json\/wp\/v2\/pages\/7834?add-to-cart=8265\" aria-describedby=\"woocommerce_loop_add_to_cart_link_describedby_8265\" data-quantity=\"1\" class=\"button product_type_simple add_to_cart_button ajax_add_to_cart\" data-product_id=\"8265\" data-product_sku=\"20091\" aria-label=\"A\u00f1adir al carrito: &ldquo;EVx restringido: tracto urinario&rdquo;\" rel=\"nofollow\" data-success_message=\"\u00abEVx restringido: tracto urinario\u00bb se ha a\u00f1adido a tu carrito\" role=\"button\">A\u00f1adir al carrito<\/a>\t<span id=\"woocommerce_loop_add_to_cart_link_describedby_8265\" class=\"screen-reader-text\">\n\t\t\t<\/span>\n<\/li>\n<\/ul>\n<\/div>[\/vc_column][\/vc_row][vc_row row_type=\u00bb2&#8243; blox_padding_top=\u00bb20&#8243; blox_padding_bottom=\u00bb20&#8243; blox_bgcolor=\u00bb#f7f7f7&#8243;][vc_column width=\u00bb2\/3&#8243;]<hr class=\"vertical-space2\">[vc_column_text]\n<h3>Tiene una pregunta sobre nuestros productos?<\/h3>\n<p>P\u00f3ngase en contacto con nuestros especialistas en alimentaci\u00f3n para mascotas para obtener respuestas.[\/vc_column_text]<hr class=\"vertical-space1\">[\/vc_column][vc_column width=\u00bb1\/3&#8243;]<hr class=\"vertical-space2\"><a href=\"contact\/\" class=\"button red  large  \" target=\"_self\">CONT\u00c1CTENOS<\/a><hr class=\"vertical-space1\">[\/vc_column][\/vc_row][vc_row][vc_column]<hr class=\"vertical-space4\">[vc_column_text]\n<h1 style=\"text-align: center;\">Reciente <span style=\"color: #a81010;\">Prensa<\/span><\/h1>\n<p style=\"text-align: center; font-size: 17px; margin-top: 20px;\">Lo que se cuece en la prensa de Evanger.<\/p>\n[\/vc_column_text]<section id=\"main-content-pin\"><div class=\"container\"><div id=\"pin-content\"><article  class=\"pin-box entry -item\">\n\n\n<div class=\"img-item\">\n <a href=\"https:\/\/evangersdogfood.com\/es\/evangers-global-passover-seder-evangerspetpassover2020\/\" title=\"Seder de Pascua Global de Evangers # EvangersPetPassover2020\"><img loading=\"lazy\" decoding=\"async\" src=\"https:\/\/evangersdogfood.com\/wp-content\/uploads\/pet-seder-graphic.png\" alt=\"Seder de Pascua Global de Evangers # EvangersPetPassover2020\" class=\"landscape full\" width=\"2556\" height=\"1973\" itemprop=\"image\" \/><\/a><\/div>\n<div class=\"pin-ecxt\">\n\t<h6 class=\"blog-cat\"><strong>in<\/strong> <a href=\"https:\/\/evangersdogfood.com\/es\/category\/prensa-reciente\/\" rel=\"category tag\">Prensa reciente<\/a> <\/h6>\n\t<h4><a href=\"https:\/\/evangersdogfood.com\/es\/evangers-global-passover-seder-evangerspetpassover2020\/\">Seder de Pascua Global de Evangers # EvangersPetPassover2020<\/a><\/h4>\n<p>Durante los \u00faltimos quince a\u00f1os, Evanger&#8217;s ha organizado un Seder de mascotas en vivo para las mascotas y su gente. Este a\u00f1o, en medio de la pandemia del virus de la Corona, el Seder se...<\/p><\/div>\n\t\t\t\t<div class=\"pin-ecxt2\">\n\t\t\t\t\t<div class=\"col1-3\"><i class=\"fa-comment-o\"><\/i><span>0<\/span><\/div>\n\t\t\t\t\t<div class=\"col1-3\"><img alt='' src='https:\/\/secure.gravatar.com\/avatar\/cbccbc7bb4f99b0646d9531ce7973ef018e095ce0863fa11bc22dc3d56024451?s=90&#038;d=mm&#038;r=g' srcset='https:\/\/secure.gravatar.com\/avatar\/cbccbc7bb4f99b0646d9531ce7973ef018e095ce0863fa11bc22dc3d56024451?s=180&#038;d=mm&#038;r=g 2x' class='avatar avatar-90 photo' height='90' width='90' \/><p><a href=\"https:\/\/evangersdogfood.com\/es\/author\/csherevangersdogfood-com\/\" title=\"Entradas de Chelsea Sher\" rel=\"author\">Chelsea Sher<\/a><\/p><\/div>\n\t\t\t\t\t<div class=\"col1-3\"><h6 class=\"blog-date\">07 Abr 2020<\/h6><\/div>\n\t\t\t\t<\/div> <!-- end pin-ecxt2 -->\n\n<\/article><article  class=\"pin-box entry -item\">\n\n\n<div class=\"img-item\">\n <\/div>\n<div class=\"pin-ecxt\">\n\t<h6 class=\"blog-cat\"><strong>in<\/strong> <a href=\"https:\/\/evangersdogfood.com\/es\/category\/prensa-reciente\/\" rel=\"category tag\">Prensa reciente<\/a> <\/h6>\n\t<h4><a href=\"https:\/\/evangersdogfood.com\/es\/fox-news-holiday-segment-with-the-pet-expert\/\">Segmento navide\u00f1o de Fox News con el experto en mascotas<\/a><\/h4>\n<p>Hay tantos regalos adorables para nuestros compa\u00f1eros peludos. Quieres que la cena de Navidad sea para tu familia con boniatos y las guarniciones vegetarianas, pero \u00bfqu\u00e9 pasa con tus mascotas? \u00a1Ellos tambi\u00e9n quieren! El Experto...<\/p><\/div>\n\t\t\t\t<div class=\"pin-ecxt2\">\n\t\t\t\t\t<div class=\"col1-3\"><i class=\"fa-comment-o\"><\/i><span>0<\/span><\/div>\n\t\t\t\t\t<div class=\"col1-3\"><img alt='' src='https:\/\/secure.gravatar.com\/avatar\/cbccbc7bb4f99b0646d9531ce7973ef018e095ce0863fa11bc22dc3d56024451?s=90&#038;d=mm&#038;r=g' srcset='https:\/\/secure.gravatar.com\/avatar\/cbccbc7bb4f99b0646d9531ce7973ef018e095ce0863fa11bc22dc3d56024451?s=180&#038;d=mm&#038;r=g 2x' class='avatar avatar-90 photo' height='90' width='90' \/><p><a href=\"https:\/\/evangersdogfood.com\/es\/author\/csherevangersdogfood-com\/\" title=\"Entradas de Chelsea Sher\" rel=\"author\">Chelsea Sher<\/a><\/p><\/div>\n\t\t\t\t\t<div class=\"col1-3\"><h6 class=\"blog-date\">18 Dic 2019<\/h6><\/div>\n\t\t\t\t<\/div> <!-- end pin-ecxt2 -->\n\n<\/article><article  class=\"pin-box entry -item\">\n\n\n<div class=\"img-item\">\n <a href=\"https:\/\/evangersdogfood.com\/es\/evangers-super-premium-canned-dinners-receive-vanguard-award-for-innovation\/\" title=\"Las cenas enlatadas Super Premium de Evanger reciben el premio Vanguardia a la innovaci\u00f3n\"><img loading=\"lazy\" decoding=\"async\" src=\"https:\/\/evangersdogfood.com\/wp-content\/uploads\/Pet-Insight-Vanguard-Award.jpg\" alt=\"Las cenas enlatadas Super Premium de Evanger reciben el premio Vanguardia a la innovaci\u00f3n\" class=\"portrait full\" width=\"557\" height=\"568\" itemprop=\"image\" \/><\/a><\/div>\n<div class=\"pin-ecxt\">\n\t<h6 class=\"blog-cat\"><strong>in<\/strong> <a href=\"https:\/\/evangersdogfood.com\/es\/category\/prensa-reciente\/\" rel=\"category tag\">Prensa reciente<\/a> <\/h6>\n\t<h4><a href=\"https:\/\/evangersdogfood.com\/es\/evangers-super-premium-canned-dinners-receive-vanguard-award-for-innovation\/\">Las cenas enlatadas Super Premium de Evanger reciben el premio Vanguardia a la innovaci\u00f3n<\/a><\/h4>\n<p>Un premio a la excelencia, la innovaci\u00f3n y las soluciones, Pet Insight honra a las cenas enlatadas Super Premium de Evanger con el Premio Vanguardia.\u00a0 La receta m\u00e1s reciente de la gama es la Super...<\/p><\/div>\n\t\t\t\t<div class=\"pin-ecxt2\">\n\t\t\t\t\t<div class=\"col1-3\"><i class=\"fa-comment-o\"><\/i><span>0<\/span><\/div>\n\t\t\t\t\t<div class=\"col1-3\"><img alt='' src='https:\/\/secure.gravatar.com\/avatar\/cbccbc7bb4f99b0646d9531ce7973ef018e095ce0863fa11bc22dc3d56024451?s=90&#038;d=mm&#038;r=g' srcset='https:\/\/secure.gravatar.com\/avatar\/cbccbc7bb4f99b0646d9531ce7973ef018e095ce0863fa11bc22dc3d56024451?s=180&#038;d=mm&#038;r=g 2x' class='avatar avatar-90 photo' height='90' width='90' \/><p><a href=\"https:\/\/evangersdogfood.com\/es\/author\/csherevangersdogfood-com\/\" title=\"Entradas de Chelsea Sher\" rel=\"author\">Chelsea Sher<\/a><\/p><\/div>\n\t\t\t\t\t<div class=\"col1-3\"><h6 class=\"blog-date\">18 Dic 2019<\/h6><\/div>\n\t\t\t\t<\/div> <!-- end pin-ecxt2 -->\n\n<\/article><\/div><hr class=\"vertical-space2\">[\/vc_column][\/vc_row][vc_row row_type=\u00bb2&#8243; blox_bgcolor=\u00bb#f7f7f7&#8243;][vc_column]<hr class=\"vertical-space4\">[vc_column_text]\n<h1 style=\"text-align: center;\">Conocer a la <span style=\"color: #a81010;\">familia<\/span><\/h1>\n<p style=\"text-align: center; font-size: 17px; margin-top: 20px;\">Propiedad y gesti\u00f3n familiar desde hace generaciones.<\/p>\n[\/vc_column_text]<hr class=\"vertical-space2\">[vc_row_inner][vc_column_inner width=\u00bb1\/2&#8243;]<hr class=\"vertical-space1\">[vc_single_image image=\u00bb7639&#8243; img_size=\u00bbfull\u00bb alignment=\u00bbcenter\u00bb][\/vc_column_inner][vc_column_inner width=\u00bb1\/2&#8243;]<blockquote class=\"max-quote\"><h2>Nuestra misi\u00f3n es aumentar la calidad y el disfrute de la vida de nuestras mascotas a trav\u00e9s de la nutrici\u00f3n. A d\u00eda de hoy, Evanger's sigue tan comprometida con la calidad y la innovaci\u00f3n como siempre. Como una de las \u00fanicas conserveras de alimentos para mascotas de propiedad y gesti\u00f3n familiar en los Estados Unidos, le agradecemos y apreciamos que haya elegido nuestros productos para su hogar.<\/h2><cite title=\"\">Comida para mascotas de Evanger <small><\/small><\/cite><\/blockquote>[\/vc_column_inner][\/vc_row_inner]<hr class=\"vertical-space4\">[\/vc_column][\/vc_row][vc_row][vc_column][\/vc_column][\/vc_row]\n<\/div>","protected":false},"excerpt":{"rendered":"<p>[vc_row row_type=\u00bb1&#8243;][vc_column][rev_slider_vc alias=\u00bbhomepage-slider\u00bb][\/vc_column][\/vc_row][vc_row row_type=\u00bb2&#8243; blox_padding_top=\u00bb10&#8243; blox_padding_bottom=\u00bb10&#8243; blox_dark=\u00bbtrue\u00bb blox_bgcolor=\u00bb#a81010&#8243;][vc_column width=\u00bb2\/3&#8243;][vc_column_text] Soluciones sanitarias para su mascota \u00bfSu mascota tiene una dolencia? Utilice nuestro Buscador de Soluciones para ver si uno de nuestros productos alimentarios puede ayudarle.[\/vc_column_text][\/vc_column][vc_column width=\u00bb1\/3&#8243;][vc_empty_space height=\u00bb45px\u00bb][\/vc_column][\/vc_row][vc_row][vc_column][vc_column_text] Nuevo Productos [\/vc_column_text][\/vc_column][\/vc_row][vc_row row_type=\u00bb2&#8243; blox_padding_top=\u00bb20&#8243; blox_padding_bottom=\u00bb20&#8243; blox_bgcolor=\u00bb#f7f7f7&#8243;][vc_column width=\u00bb2\/3&#8243;][vc_column_text] Tiene una pregunta sobre nuestros productos? P\u00f3ngase en contacto con nuestros especialistas en alimentaci\u00f3n para mascotas para obtener respuestas.[\/vc_column_text][\/vc_column][vc_column width=\u00bb1\/3&#8243;][\/vc_column][\/vc_row][vc_row][vc_column][vc_column_text] Reciente Prensa Lo que se cuece en la prensa de Evanger. [\/vc_column_text][\/vc_column][\/vc_row][vc_row row_type=\u00bb2&#8243; blox_bgcolor=\u00bb#f7f7f7&#8243;][vc_column][vc_column_text] Conocer a la familia Propiedad y gesti\u00f3n familiar desde hace generaciones. [\/vc_column_text][vc_row_inner][vc_column_inner width=\u00bb1\/2&#8243;][vc_single_image image=\u00bb7639&#8243; img_size=\u00bbfull\u00bb alignment=\u00bbcenter\u00bb][\/vc_column_inner][vc_column_inner width=\u00bb1\/2&#8243;][\/vc_column_inner][\/vc_row_inner][\/vc_column][\/vc_row][vc_row][vc_column][\/vc_column][\/vc_row]<\/p>\n","protected":false},"author":1,"featured_media":0,"parent":0,"menu_order":-1,"comment_status":"closed","ping_status":"closed","template":"","meta":{"_acf_changed":false,"footnotes":""},"class_list":["post-7834","page","type-page","status-publish","hentry"],"acf":[],"_links":{"self":[{"href":"https:\/\/evangersdogfood.com\/es\/wp-json\/wp\/v2\/pages\/7834","targetHints":{"allow":["GET"]}}],"collection":[{"href":"https:\/\/evangersdogfood.com\/es\/wp-json\/wp\/v2\/pages"}],"about":[{"href":"https:\/\/evangersdogfood.com\/es\/wp-json\/wp\/v2\/types\/page"}],"author":[{"embeddable":true,"href":"https:\/\/evangersdogfood.com\/es\/wp-json\/wp\/v2\/users\/1"}],"replies":[{"embeddable":true,"href":"https:\/\/evangersdogfood.com\/es\/wp-json\/wp\/v2\/comments?post=7834"}],"version-history":[{"count":0,"href":"https:\/\/evangersdogfood.com\/es\/wp-json\/wp\/v2\/pages\/7834\/revisions"}],"wp:attachment":[{"href":"https:\/\/evangersdogfood.com\/es\/wp-json\/wp\/v2\/media?parent=7834"}],"curies":[{"name":"wp","href":"https:\/\/api.w.org\/{rel}","templated":true}]}}