{"id":7853,"date":"2021-01-30T13:48:01","date_gmt":"2021-01-30T19:48:01","guid":{"rendered":"https:\/\/evangersdogfood.com\/cookie-policy\/"},"modified":"2023-12-29T02:32:37","modified_gmt":"2023-12-29T08:32:37","slug":"cookie-policy","status":"publish","type":"page","link":"https:\/\/evangersdogfood.com\/es\/cookie-policy\/","title":{"rendered":"Pol\u00edtica de cookies"},"content":{"rendered":"<div class=\"wpb-content-wrapper\">[vc_row][vc_column][vc_column_text]\n<h3>Pol\u00edtica de cookies de Evanger&#8217;s Dog &amp; Cat Food Company, Inc.<\/h3>\n<p>Esta es la Pol\u00edtica de Cookies de Evanger&#8217;s Dog &amp; Cat Food Company, Inc, accesible desde <a href=\"https:\/\/evangersdogfood.com\/es\/\">www.evangersdogfood.com<\/a><\/p>\n<p>Qu\u00e9 son las cookies<\/p>\n<p>Como es habitual en casi todos los sitios web profesionales, este sitio utiliza cookies, que son peque\u00f1os archivos que se descargan en su ordenador, para mejorar su experiencia. Esta p\u00e1gina describe la informaci\u00f3n que recogen, c\u00f3mo la utilizamos y por qu\u00e9 a veces necesitamos almacenar estas cookies. Tambi\u00e9n le explicaremos c\u00f3mo puede evitar que se almacenen estas cookies, aunque esto puede reducir o \u00abromper\u00bb algunos elementos de la funcionalidad de los sitios.<\/p>\n<p>Para obtener m\u00e1s informaci\u00f3n general sobre las cookies, consulte el art\u00edculo de Wikipedia sobre las cookies HTTP.<\/p>\n<p>C\u00f3mo utilizamos las cookies<\/p>\n<p>Utilizamos cookies por una serie de razones que se detallan a continuaci\u00f3n. Lamentablemente, en la mayor\u00eda de los casos no existen opciones est\u00e1ndar para desactivar las cookies sin deshabilitar por completo la funcionalidad y las caracter\u00edsticas que a\u00f1aden a este sitio. Se recomienda dejar activadas todas las cookies si no est\u00e1 seguro de necesitarlas o no en caso de que se utilicen para proporcionar un servicio que usted utilice.<\/p>\n<p>Desactivaci\u00f3n de las cookies<\/p>\n<p>Puede evitar la instalaci\u00f3n de cookies ajustando la configuraci\u00f3n de su navegador (consulte la ayuda de su navegador para saber c\u00f3mo hacerlo). Tenga en cuenta que la desactivaci\u00f3n de las cookies afectar\u00e1 a la funcionalidad de este y de muchos otros sitios web que visite. Desactivar las cookies suele implicar tambi\u00e9n la desactivaci\u00f3n de ciertas funciones y caracter\u00edsticas de este sitio. Por lo tanto, se recomienda que no desactive las cookies.<\/p>\n<p>Las cookies que establecemos<\/p>\n<ul>\n<li>Cookies relacionadas con la cuentaSi crea una cuenta con nosotros, utilizaremos cookies para la gesti\u00f3n del proceso de registro y la administraci\u00f3n general. Estas cookies normalmente se eliminan cuando se cierra la sesi\u00f3n, pero en algunos casos pueden permanecer despu\u00e9s para recordar sus preferencias en el sitio cuando se cierra la sesi\u00f3n.<\/li>\n<li>Cookies relacionadas con el inicio de sesi\u00f3nUtilizamos cookies cuando usted est\u00e1 conectado para que podamos recordar este hecho. Esto evita que tenga que iniciar sesi\u00f3n cada vez que visite una nueva p\u00e1gina. Estas cookies suelen eliminarse o borrarse cuando se cierra la sesi\u00f3n para garantizar que s\u00f3lo se pueda acceder a las funciones y \u00e1reas restringidas cuando se ha iniciado la sesi\u00f3n.<\/li>\n<li>Cookies relacionadas con los boletines de noticias por correo electr\u00f3nicoEste sitio ofrece servicios de boletines de noticias o de suscripci\u00f3n por correo electr\u00f3nico y las cookies pueden utilizarse para recordar si ya est\u00e1 registrado y para mostrar ciertas notificaciones que podr\u00edan ser v\u00e1lidas s\u00f3lo para los usuarios suscritos\/no suscritos.<\/li>\n<li>Cookies relacionadas con el procesamiento de pedidosEste sitio ofrece facilidades de comercio electr\u00f3nico o de pago y algunas cookies son esenciales para asegurar que su pedido sea recordado entre p\u00e1ginas para que podamos procesarlo adecuadamente.<\/li>\n<li>Cookies relacionadas con los formulariosCuando usted env\u00eda datos a trav\u00e9s de un formulario, como los que se encuentran en las p\u00e1ginas de contacto o en los formularios de comentarios, se pueden establecer cookies para recordar sus datos de usuario para la correspondencia futura.<\/li>\n<li>Cookies de preferencias del sitioCon el fin de proporcionarle una gran experiencia en este sitio proporcionamos la funcionalidad de establecer sus preferencias para el funcionamiento de este sitio cuando lo utiliza. Para poder recordar sus preferencias necesitamos establecer cookies para que esta informaci\u00f3n pueda ser llamada cada vez que usted interact\u00fae con una p\u00e1gina se vea afectada por sus preferencias.<\/li>\n<\/ul>\n<p>Cookies de terceros<\/p>\n<p>En algunos casos especiales tambi\u00e9n utilizamos cookies proporcionadas por terceros de confianza. En la siguiente secci\u00f3n se detalla qu\u00e9 cookies de terceros puede encontrar a trav\u00e9s de este sitio.<\/p>\n<ul>\n<li>Este sitio utiliza Google Analytics, una de las soluciones anal\u00edticas m\u00e1s extendidas y fiables de la web, para ayudarnos a entender c\u00f3mo utiliza usted el sitio y c\u00f3mo podemos mejorar su experiencia. Estas cookies pueden rastrear cosas como el tiempo que pasa en el sitio y las p\u00e1ginas que visita para que podamos seguir produciendo contenido atractivo.Para obtener m\u00e1s informaci\u00f3n sobre las cookies de Google Analytics, consulte la p\u00e1gina oficial de Google Analytics.<\/li>\n<li>Como vendemos productos, es importante para nosotros conocer las estad\u00edsticas sobre cu\u00e1ntos de los visitantes de nuestro sitio web realizan realmente una compra y, como tal, este es el tipo de datos que estas cookies rastrear\u00e1n. Esto es importante para usted, ya que significa que podemos hacer predicciones comerciales precisas que nos permiten controlar nuestra publicidad y los costes de los productos para garantizar el mejor precio posible.<\/li>\n<li>El servicio de Google AdSense que utilizamos para la publicidad utiliza una cookie de DoubleClick para publicar anuncios m\u00e1s relevantes en la web y limitar el n\u00famero de veces que se le muestra un anuncio determinado.Para obtener m\u00e1s informaci\u00f3n sobre Google AdSense, consulte las preguntas frecuentes oficiales sobre la privacidad de Google AdSense.<\/li>\n<li>Varios socios se anuncian en nuestro nombre y las cookies de seguimiento de afiliados simplemente nos permiten ver si nuestros clientes han llegado al sitio a trav\u00e9s de uno de nuestros sitios asociados para que podamos acreditarlos adecuadamente y, en su caso, permitir a nuestros socios afiliados proporcionar cualquier bonificaci\u00f3n que puedan ofrecerle por hacer una compra.<\/li>\n<li>Tambi\u00e9n utilizamos botones y\/o plugins de redes sociales en este sitio que le permiten conectarse con su red social de diversas maneras. Para que funcionen, los siguientes sitios de redes sociales, como Facebook, Twitter, Pinterest, YouTube, GooglePlus, LinkedIn y BlogSpot, instalar\u00e1n cookies a trav\u00e9s de nuestro sitio, que pueden utilizarse para mejorar su perfil en su sitio o contribuir a los datos que poseen para diversos fines descritos en sus respectivas pol\u00edticas de privacidad.<\/li>\n<\/ul>\n<p>M\u00e1s informaci\u00f3n<\/p>\n<p>Esperamos que esto le haya aclarado las cosas y, como se mencion\u00f3 anteriormente, si hay algo que no est\u00e1 seguro de necesitar o no, suele ser m\u00e1s seguro dejar las cookies activadas en caso de que interact\u00faen con alguna de las funciones que utiliza en nuestro sitio.<\/p>\n<p>Sin embargo, si todav\u00eda est\u00e1 buscando m\u00e1s informaci\u00f3n, puede ponerse en contacto con nosotros a trav\u00e9s de uno de nuestros m\u00e9todos de contacto preferidos:<\/p>\n<ul>\n<li style=\"list-style-type: none;\">\n<ul>\n<li>Visitando este enlace: <a href=\"https:\/\/evangersdogfood.com\/es\/contact\/\">evangersdogfood.com\/contacto\/<\/a><\/li>\n<\/ul>\n<\/li>\n<\/ul>\n[\/vc_column_text][\/vc_column][\/vc_row]\n<\/div>","protected":false},"excerpt":{"rendered":"<p>[vc_row][vc_column][vc_column_text] Pol\u00edtica de cookies de Evanger&#8217;s Dog &amp; Cat Food Company, Inc. Esta es la Pol\u00edtica de Cookies de Evanger&#8217;s Dog &amp; Cat Food Company, Inc, accesible desde www.evangersdogfood.com Qu\u00e9 son las cookies Como es habitual en casi todos los sitios web profesionales, este sitio utiliza cookies, que son peque\u00f1os archivos que se descargan en su ordenador, para mejorar su experiencia. Esta p\u00e1gina describe la informaci\u00f3n que recogen, c\u00f3mo la utilizamos y por qu\u00e9 a veces necesitamos almacenar estas cookies. Tambi\u00e9n le explicaremos c\u00f3mo puede evitar que se almacenen estas cookies, aunque esto puede reducir o \u00abromper\u00bb algunos elementos de la funcionalidad de los sitios. Para obtener m\u00e1s informaci\u00f3n general sobre las cookies, consulte el art\u00edculo de Wikipedia sobre las cookies HTTP. C\u00f3mo utilizamos las cookies Utilizamos cookies por una serie de razones que se detallan a continuaci\u00f3n. Lamentablemente, en la mayor\u00eda de los casos no existen opciones est\u00e1ndar para desactivar las cookies sin deshabilitar por completo la funcionalidad y las caracter\u00edsticas que a\u00f1aden a este sitio. Se recomienda dejar activadas todas las cookies si no est\u00e1 seguro de necesitarlas o no en caso de que se utilicen para proporcionar un servicio que usted utilice. Desactivaci\u00f3n de las cookies Puede evitar la instalaci\u00f3n de cookies ajustando la configuraci\u00f3n de su navegador (consulte la ayuda de su navegador para saber c\u00f3mo hacerlo). Tenga en cuenta que la desactivaci\u00f3n de las cookies afectar\u00e1 a la funcionalidad de este y de muchos otros sitios web que visite. Desactivar las cookies suele implicar tambi\u00e9n la desactivaci\u00f3n de ciertas funciones y caracter\u00edsticas de este sitio. Por lo tanto, se recomienda que no desactive las cookies. Las cookies que establecemos Cookies relacionadas con la cuentaSi crea una cuenta con nosotros, utilizaremos cookies para la gesti\u00f3n del proceso de registro y la administraci\u00f3n general. Estas cookies normalmente&#8230; <\/p>\n<p><a class=\"readmore\" href=\"https:\/\/evangersdogfood.com\/es\/cookie-policy\/\">Read More<\/a><\/p>\n","protected":false},"author":1,"featured_media":0,"parent":0,"menu_order":0,"comment_status":"closed","ping_status":"closed","template":"","meta":{"_acf_changed":false,"footnotes":""},"class_list":["post-7853","page","type-page","status-publish","hentry"],"acf":[],"_links":{"self":[{"href":"https:\/\/evangersdogfood.com\/es\/wp-json\/wp\/v2\/pages\/7853","targetHints":{"allow":["GET"]}}],"collection":[{"href":"https:\/\/evangersdogfood.com\/es\/wp-json\/wp\/v2\/pages"}],"about":[{"href":"https:\/\/evangersdogfood.com\/es\/wp-json\/wp\/v2\/types\/page"}],"author":[{"embeddable":true,"href":"https:\/\/evangersdogfood.com\/es\/wp-json\/wp\/v2\/users\/1"}],"replies":[{"embeddable":true,"href":"https:\/\/evangersdogfood.com\/es\/wp-json\/wp\/v2\/comments?post=7853"}],"version-history":[{"count":0,"href":"https:\/\/evangersdogfood.com\/es\/wp-json\/wp\/v2\/pages\/7853\/revisions"}],"wp:attachment":[{"href":"https:\/\/evangersdogfood.com\/es\/wp-json\/wp\/v2\/media?parent=7853"}],"curies":[{"name":"wp","href":"https:\/\/api.w.org\/{rel}","templated":true}]}}