{"id":7890,"date":"2015-03-14T10:08:31","date_gmt":"2015-03-14T15:08:31","guid":{"rendered":"https:\/\/evangersdogfood.com\/annual-calendar\/"},"modified":"2023-12-29T02:33:11","modified_gmt":"2023-12-29T08:33:11","slug":"annual-calendar","status":"publish","type":"page","link":"https:\/\/evangersdogfood.com\/es\/annual-calendar\/","title":{"rendered":"Calendario anual"},"content":{"rendered":"<div class=\"wpb-content-wrapper\">[vc_row][vc_column][vc_column_text]\n<h4>Calendario del concurso fotogr\u00e1fico Homenaje a los Campeones 2021 de Evanger<\/h4>\n<p>\u00a1Enhorabuena a los ganadores de 2021!<\/p>\n<p>Evanger&#8217;s Dog &amp; Cat Food Company, el fabricante de alimentos naturales para mascotas m\u00e1s antiguo de los Estados Unidos, ha concluido su concurso de nuevos rostros peludos para su calendario nacional de mascotas de 2021. Ha sido una carrera muy re\u00f1ida hacia la fama, y hemos recibido miles de candidaturas. Cada ganador peludo recibe un paquete de premios de alimentos y golosinas para mascotas Evanger&#8217;s, totalmente naturales y fabricados en EE.UU.<\/p>\n<p>El calendario 2021 est\u00e1 repleto de fotos creativas y conmovedoras de los perros, gatos y hurones de Evanger. \u00a0Es un regalo que ofrece calidez y sonrisas durante todo el a\u00f1o, y un regalo que devuelve.<\/p>\n<p>Recuerde que debe empezar a tomar fotos para el concurso del pr\u00f3ximo a\u00f1o, que comenzar\u00e1 en junio.<\/p>\n<p><strong>Cantidad:<\/strong> 1 calendario<\/p>\n<p><strong>Precio:<\/strong> $6.95 por calendario (incluye el env\u00edo)[\/vc_column_text][\/vc_column][\/vc_row][vc_row][vc_column][vc_btn title=\u00bbA\u00f1adir a la cesta\u00bb color=\u00bbdanger\u00bb link=\u00bburl:http%3A%2F%2Forder.store.yahoo.net%2Fevangers-dog-food%2Fcgi-bin%2Fwg-order%3Fevangers-dog-food%2B0001&#8243;][\/vc_column][\/vc_row]\n<\/div>","protected":false},"excerpt":{"rendered":"<p>[vc_row][vc_column][vc_column_text] Calendario del concurso fotogr\u00e1fico Homenaje a los Campeones 2021 de Evanger \u00a1Enhorabuena a los ganadores de 2021! Evanger&#8217;s Dog &amp; Cat Food Company, el fabricante de alimentos naturales para mascotas m\u00e1s antiguo de los Estados Unidos, ha concluido su concurso de nuevos rostros peludos para su calendario nacional de mascotas de 2021. Ha sido una carrera muy re\u00f1ida hacia la fama, y hemos recibido miles de candidaturas. Cada ganador peludo recibe un paquete de premios de alimentos y golosinas para mascotas Evanger&#8217;s, totalmente naturales y fabricados en EE.UU. El calendario 2021 est\u00e1 repleto de fotos creativas y conmovedoras de los perros, gatos y hurones de Evanger. \u00a0Es un regalo que ofrece calidez y sonrisas durante todo el a\u00f1o, y un regalo que devuelve. Recuerde que debe empezar a tomar fotos para el concurso del pr\u00f3ximo a\u00f1o, que comenzar\u00e1 en junio. Cantidad: 1 calendario Precio: $6.95 por calendario (incluye el env\u00edo)[\/vc_column_text][\/vc_column][\/vc_row][vc_row][vc_column][vc_btn title=\u00bbA\u00f1adir a la cesta\u00bb color=\u00bbdanger\u00bb link=\u00bburl:http%3A%2F%2Forder.store.yahoo.net%2Fevangers-dog-food%2Fcgi-bin%2Fwg-order%3Fevangers-dog-food%2B0001&#8243;][\/vc_column][\/vc_row]<\/p>\n","protected":false},"author":1,"featured_media":0,"parent":0,"menu_order":0,"comment_status":"closed","ping_status":"open","template":"","meta":{"_acf_changed":false,"footnotes":""},"class_list":["post-7890","page","type-page","status-publish","hentry"],"acf":[],"_links":{"self":[{"href":"https:\/\/evangersdogfood.com\/es\/wp-json\/wp\/v2\/pages\/7890","targetHints":{"allow":["GET"]}}],"collection":[{"href":"https:\/\/evangersdogfood.com\/es\/wp-json\/wp\/v2\/pages"}],"about":[{"href":"https:\/\/evangersdogfood.com\/es\/wp-json\/wp\/v2\/types\/page"}],"author":[{"embeddable":true,"href":"https:\/\/evangersdogfood.com\/es\/wp-json\/wp\/v2\/users\/1"}],"replies":[{"embeddable":true,"href":"https:\/\/evangersdogfood.com\/es\/wp-json\/wp\/v2\/comments?post=7890"}],"version-history":[{"count":0,"href":"https:\/\/evangersdogfood.com\/es\/wp-json\/wp\/v2\/pages\/7890\/revisions"}],"wp:attachment":[{"href":"https:\/\/evangersdogfood.com\/es\/wp-json\/wp\/v2\/media?parent=7890"}],"curies":[{"name":"wp","href":"https:\/\/api.w.org\/{rel}","templated":true}]}}