{"id":7907,"date":"2015-03-11T19:44:36","date_gmt":"2015-03-11T19:44:36","guid":{"rendered":"https:\/\/evangersdogfood.com\/new-products\/"},"modified":"2023-12-29T02:33:21","modified_gmt":"2023-12-29T08:33:21","slug":"new-products","status":"publish","type":"page","link":"https:\/\/evangersdogfood.com\/es\/news-events\/new-products\/","title":{"rendered":"Nuevos productos"},"content":{"rendered":"<div class=\"wpb-content-wrapper\">[vc_row row_type=\u00bb2&#8243; blox_padding_top=\u00bb60&#8243; blox_bgcolor=\u00bb#f0e9d5&#8243;][vc_column width=\u00bb1\/4&#8243;][vc_single_image image=\u00bb41&#8243; img_size=\u00bbfull\u00bb][\/vc_column][vc_column width=\u00bb1\/2&#8243;][vc_column_text]\n<h4>Biograf\u00eda de Evanger<\/h4>\n<p>Nueva adici\u00f3n a la l\u00ednea Nothing but Natural Treat &#8211; Golosinas liofilizadas 100% de carne entera. Los productos de un solo ingrediente no tienen gluten, no contienen granos y no utilizan aditivos ni ingredientes artificiales.<\/p>\n<h4>Alimentos artesanales envasados a mano<\/h4>\n<p>Para celebrar los 75 a\u00f1os de fabricaci\u00f3n de alimentos de calidad para mascotas, Evanger&#8217;s ha desarrollado la Signature Series con Cuts in Gravy. Al desarrollar la Signature Series, Evanger&#8217;s se centr\u00f3 en utilizar ingredientes distintos a los de cualquier otra empresa del sector. Evit\u00f3 los ingredientes habituales en este tipo de alimentos, como los subproductos c\u00e1rnicos, el gluten de trigo, el plasma sangu\u00edneo, los cereales y los aglutinantes. Los alimentos Cuts in Gravy combinan la carne en dados con verduras frescas de granja para producir una comida sabrosa y nutritiva. Por supuesto, todos los ingredientes proceden de Estados Unidos.[\/vc_column_text][\/vc_column][vc_column width=\u00bb1\/4&#8243;]<hr class=\"vertical-space5\">[vc_single_image image=\u00bb45&#8243; img_size=\u00bbfull\u00bb][\/vc_column][\/vc_row][vc_row row_type=\u00bb2&#8243; blox_padding_bottom=\u00bb60&#8243; blox_bgcolor=\u00bb#f0e9d5&#8243;][vc_column width=\u00bb3\/4&#8243;][vc_column_text]\n<h4>Evanger&#8217;s ampl\u00eda su selecci\u00f3n de alimentos para hurones<\/h4>\n<p>Las especialidades envasadas a mano de Evanger se envasan de forma \u00fanica en la lata a mano en lugar de a m\u00e1quina para mantener la forma, la integridad y la nutrici\u00f3n del contenido de cada receta. Nuestros ingredientes frescos y superiores (sin subproductos) garantizan su calidad.<\/p>\n<h4>Evanger&#8217;s reintroduce los guisos conmemorativos del 80 aniversario<\/h4>\n<p>Para celebrar los 80 a\u00f1os de fabricaci\u00f3n de alimentos de calidad para mascotas, Evanger&#8217;s ha desarrollado la Signature Series con Cuts in Gravy. Al desarrollar la Signature Series, Evanger&#8217;s se centr\u00f3 en utilizar ingredientes distintos a los de cualquier otra empresa del sector. Evit\u00f3 los ingredientes habituales en este tipo de alimentos, como los subproductos c\u00e1rnicos, el gluten de trigo, el plasma sangu\u00edneo, los cereales y los aglutinantes. Los alimentos Cuts in Gravy combinan dados de carne con verduras para producir una comida sabrosa y nutritiva. Por supuesto, toda nuestra carne y nuestros productos se obtienen en Estados Unidos y se cocinan en nuestras cocinas.[\/vc_column_text][\/vc_column][vc_column width=\u00bb1\/4&#8243;][vc_single_image image=\u00bb44&#8243; img_size=\u00bbfull\u00bb]<hr class=\"vertical-space2\">[vc_single_image image=\u00bb43&#8243; img_size=\u00bbfull\u00bb][\/vc_column][\/vc_row]\n<\/div>","protected":false},"excerpt":{"rendered":"<p>[vc_row row_type=\u00bb2&#8243; blox_padding_top=\u00bb60&#8243; blox_bgcolor=\u00bb#f0e9d5&#8243;][vc_column width=\u00bb1\/4&#8243;][vc_single_image image=\u00bb41&#8243; img_size=\u00bbfull\u00bb][\/vc_column][vc_column width=\u00bb1\/2&#8243;][vc_column_text] Biograf\u00eda de Evanger Nueva adici\u00f3n a la l\u00ednea Nothing but Natural Treat &#8211; Golosinas liofilizadas 100% de carne entera. Los productos de un solo ingrediente no tienen gluten, no contienen granos y no utilizan aditivos ni ingredientes artificiales. Alimentos artesanales envasados a mano Para celebrar los 75 a\u00f1os de fabricaci\u00f3n de alimentos de calidad para mascotas, Evanger&#8217;s ha desarrollado la Signature Series con Cuts in Gravy. Al desarrollar la Signature Series, Evanger&#8217;s se centr\u00f3 en utilizar ingredientes distintos a los de cualquier otra empresa del sector. Evit\u00f3 los ingredientes habituales en este tipo de alimentos, como los subproductos c\u00e1rnicos, el gluten de trigo, el plasma sangu\u00edneo, los cereales y los aglutinantes. Los alimentos Cuts in Gravy combinan la carne en dados con verduras frescas de granja para producir una comida sabrosa y nutritiva. Por supuesto, todos los ingredientes proceden de Estados Unidos.[\/vc_column_text][\/vc_column][vc_column width=\u00bb1\/4&#8243;][vc_single_image image=\u00bb45&#8243; img_size=\u00bbfull\u00bb][\/vc_column][\/vc_row][vc_row row_type=\u00bb2&#8243; blox_padding_bottom=\u00bb60&#8243; blox_bgcolor=\u00bb#f0e9d5&#8243;][vc_column width=\u00bb3\/4&#8243;][vc_column_text] Evanger&#8217;s ampl\u00eda su selecci\u00f3n de alimentos para hurones Las especialidades envasadas a mano de Evanger se envasan de forma \u00fanica en la lata a mano en lugar de a m\u00e1quina para mantener la forma, la integridad y la nutrici\u00f3n del contenido de cada receta. Nuestros ingredientes frescos y superiores (sin subproductos) garantizan su calidad. Evanger&#8217;s reintroduce los guisos conmemorativos del 80 aniversario Para celebrar los 80 a\u00f1os de fabricaci\u00f3n de alimentos de calidad para mascotas, Evanger&#8217;s ha desarrollado la Signature Series con Cuts in Gravy. Al desarrollar la Signature Series, Evanger&#8217;s se centr\u00f3 en utilizar ingredientes distintos a los de cualquier otra empresa del sector. Evit\u00f3 los ingredientes habituales en este tipo de alimentos, como los subproductos c\u00e1rnicos, el gluten de trigo, el plasma sangu\u00edneo, los cereales y los aglutinantes. Los alimentos Cuts in Gravy combinan dados de carne con verduras para producir&#8230; <\/p>\n<p><a class=\"readmore\" href=\"https:\/\/evangersdogfood.com\/es\/news-events\/new-products\/\">Read More<\/a><\/p>\n","protected":false},"author":1,"featured_media":0,"parent":7936,"menu_order":0,"comment_status":"closed","ping_status":"open","template":"","meta":{"_acf_changed":false,"footnotes":""},"class_list":["post-7907","page","type-page","status-publish","hentry"],"acf":[],"_links":{"self":[{"href":"https:\/\/evangersdogfood.com\/es\/wp-json\/wp\/v2\/pages\/7907","targetHints":{"allow":["GET"]}}],"collection":[{"href":"https:\/\/evangersdogfood.com\/es\/wp-json\/wp\/v2\/pages"}],"about":[{"href":"https:\/\/evangersdogfood.com\/es\/wp-json\/wp\/v2\/types\/page"}],"author":[{"embeddable":true,"href":"https:\/\/evangersdogfood.com\/es\/wp-json\/wp\/v2\/users\/1"}],"replies":[{"embeddable":true,"href":"https:\/\/evangersdogfood.com\/es\/wp-json\/wp\/v2\/comments?post=7907"}],"version-history":[{"count":0,"href":"https:\/\/evangersdogfood.com\/es\/wp-json\/wp\/v2\/pages\/7907\/revisions"}],"up":[{"embeddable":true,"href":"https:\/\/evangersdogfood.com\/es\/wp-json\/wp\/v2\/pages\/7936"}],"wp:attachment":[{"href":"https:\/\/evangersdogfood.com\/es\/wp-json\/wp\/v2\/media?parent=7907"}],"curies":[{"name":"wp","href":"https:\/\/api.w.org\/{rel}","templated":true}]}}