{"id":7916,"date":"2015-03-11T19:43:11","date_gmt":"2015-03-11T19:43:11","guid":{"rendered":"https:\/\/evangersdogfood.com\/how-to-read-labels\/"},"modified":"2023-12-29T02:33:14","modified_gmt":"2023-12-29T08:33:14","slug":"how-to-read-labels","status":"publish","type":"page","link":"https:\/\/evangersdogfood.com\/es\/pet-care\/how-to-read-labels\/","title":{"rendered":"C\u00f3mo leer las etiquetas"},"content":{"rendered":"<div class=\"wpb-content-wrapper\">[vc_row][vc_column][vc_column_text]<span class=\"acc-trigger \"><a href=\"#\"><strong>C\u00f3mo leer la etiqueta de un alimento para mascotas:<\/strong><\/a><\/span><div class=\"acc-container\"><article class=\"content\"><p>\n<p>La industria de los alimentos para mascotas est\u00e1 regulada por la AAFCO (Asociaci\u00f3n de Funcionarios Americanos de Control de Piensos), la FDA\/CVM (Administraci\u00f3n de Alimentos y Medicamentos\/Centro de Medicina Veterinaria), el USDA (Departamento de Agricultura de los Estados Unidos) y la FTC (Comisi\u00f3n Federal de Comercio). En la lista de ingredientes se indican todos los elementos que contiene el alimento, desde la cantidad m\u00e1s alta que figura en primer lugar hasta la m\u00e1s baja que figura en \u00faltimo lugar. El primer ingrediente es el m\u00e1s importante porque es el que m\u00e1s contiene el alimento. El primer ingrediente de un alimento para mascotas de calidad debe ser una prote\u00edna de buena calidad, como la que se encuentra en todas las variedades de Evanger; aparte de la Vegetariana y la 100% Batata, que no contienen carne y son de origen vegetal. Cuando una carne aparece en nuestras etiquetas, se trata de carne de m\u00fasculo como el pollo, el pavo, la ternera, el cordero, el pescado, etc.; s\u00f3lo las prote\u00ednas de mejor calidad. El valor biol\u00f3gico de una prote\u00edna determina lo bien que el cuerpo puede utilizarla. Cuanto mejor pueda utilizar el cuerpo una prote\u00edna, mayor ser\u00e1 su valor biol\u00f3gico. Las prote\u00ednas ingeridas aportan al organismo nitr\u00f3geno y amino\u00e1cidos, los componentes b\u00e1sicos para un cuerpo sano. Hay 9 amino\u00e1cidos esenciales que los perros y los gatos no pueden fabricar por s\u00ed mismos y, por lo tanto, deben ser suministrados en la dieta. La carne, las aves de corral, el pescado, los huevos y los productos l\u00e1cteos tienen un alto valor biol\u00f3gico. Por ejemplo, los huevos tienen un valor biol\u00f3gico de 100; la carne de vacuno tiene un valor biol\u00f3gico de 80. En cuanto a nuestra dieta vegetariana, la combinaci\u00f3n de guisantes y arroz integral proporciona prote\u00ednas complementarias. En otras palabras, por separado, estos ingredientes pueden no tener una puntuaci\u00f3n alta porque, por separado, a cada uno le falta un amino\u00e1cido esencial (a los guisantes les falta metionina mientras que al arroz integral le falta lisina), pero juntos se complementan con el resultado final de una fuente de prote\u00ednas de buena calidad y alto valor biol\u00f3gico.<\/p><\/article><\/div>\n<span class=\"acc-trigger \"><a href=\"#\"><strong>\u00bfQu\u00e9 ingredientes cancer\u00edgenos est\u00e1n permitidos en los alimentos para mascotas?<\/strong><\/a><\/span><div class=\"acc-container\"><article class=\"content\"><p>El BHA, el BHT y la etoxiquina son conservantes permitidos en los alimentos para mascotas, que tambi\u00e9n se han relacionado con la producci\u00f3n de c\u00e1ncer. Los alimentos para perros y gatos de Evanger no contienen ninguno de estos conservantes para mantener su frescura porque sus alimentos enlatados se cocinan directamente en la lata. En cuanto a los alimentos secos, se a\u00f1aden conservantes naturales como la vitamina E (mezcla de tocoferoles) para mantener sus alimentos seguros y saludables.<\/p><\/article><\/div>\n<span class=\"acc-trigger \"><a href=\"#\"><strong>\u00bfEn qu\u00e9 se diferencian las necesidades diet\u00e9ticas de los perros de las de los gatos?<\/strong><\/a><\/span><div class=\"acc-container\"><article class=\"content\"><p>Esta es una lecci\u00f3n muy importante porque los propietarios de mascotas que permiten que un perro coma comida de gato o que un gato coma comida de perro podr\u00edan acabar con una mascota muy enferma&#8230;. o algo peor. Las enfermedades no suelen producirse si s\u00f3lo se comparten unas pocas comidas, pero s\u00ed si se contin\u00faa de forma regular. Por cierto, los perros son omn\u00edvoros como las personas; comen tanto carne como verduras. Los gatos son carn\u00edvoros obligados; comen sobre todo carne. Los gatos tienen mayores necesidades de prote\u00ednas y grasas que los perros. Los perros que comen alimentos para gatos pueden acabar teniendo problemas de h\u00edgado, ri\u00f1\u00f3n y\/o p\u00e1ncreas porque los alimentos para gatos tienen un contenido demasiado alto de prote\u00ednas y grasas para que los perros los metabolicen correctamente. Los gatos que comen alimentos para perros pueden acabar ciegos o con una grave enfermedad card\u00edaca llamada cardiomiopat\u00eda dilatada, ya que los gatos tienen una necesidad diet\u00e9tica de taurina. Los perros producen el amino\u00e1cido taurina de forma natural, mientras que los gatos deben recibirlo en su dieta; todos los alimentos para gatos de Evanger contienen taurina.<\/p>\n<p>Los gatos tambi\u00e9n necesitan una forma diferente de vitamina A. Los perros, al igual que las personas, fabrican naturalmente la vitamina A, si se les suministra betacaroteno en la dieta. Por \u00faltimo, pero no menos importante, los gatos necesitan \u00e1cido araquid\u00f3nico, un \u00e1cido graso esencial para ellos. Los perros pueden fabricar \u00e1cido araquid\u00f3nico a partir de los \u00e1cidos grasos Omega 3. Tanto los perros como los gatos necesitan \u00e1cidos grasos linoleicos (Omega 6) y linol\u00e9nicos (Omega 3).<\/p><\/article><\/div>\n<span class=\"acc-trigger \"><a href=\"#\"><strong>\u00bfQu\u00e9 alimentos son venenosos para los perros y los gatos?<\/strong><\/a><\/span><div class=\"acc-container\"><article class=\"content\"><p>Evanger&#8217;s se enorgullece de la seguridad y la nutrici\u00f3n saludable. Aunque algunos alimentos en grandes cantidades son venenosos para perros o gatos, en los alimentos para mascotas de Evanger&#8217;s, sus cantidades son peque\u00f1as, seguras y beneficiosas.<\/p>\n<p>El ajo es venenoso tanto para los perros como para los gatos si se administra en una concentraci\u00f3n suficientemente alta. El ajo pertenece a la familia de las cebollas, y tanto el ajo como las cebollas son t\u00f3xicos para los perros, los gatos y muchos otros animales. En una concentraci\u00f3n lo suficientemente alta, el ajo o la cebolla ingeridos pueden provocar la descomposici\u00f3n de los gl\u00f3bulos rojos, lo que conduce a la anemia. Los gatos son especialmente sensibles a sus efectos t\u00f3xicos, pero no se preocupe, no hay ajo en ninguno de los alimentos para gatos de Evanger. El ajo s\u00f3lo se encuentra en algunos de nuestros alimentos para perros y no es un ingrediente principal. En otras palabras, no hay una concentraci\u00f3n lo suficientemente alta en los alimentos para perros de Evanger como para preocuparse por cualquier efecto nocivo, sin embargo, los beneficios del ajo son asombrosos: refuerzan el sistema inmunitario, combaten las infecciones bacterianas, virales y f\u00fangicas, mejoran la funci\u00f3n hep\u00e1tica y repelen las garrapatas y las pulgas.<\/p>\n<p>Los aguacates ingeridos por los perros en grandes cantidades pueden causar trastornos gastrointestinales como v\u00f3mitos y\/o diarrea. Una vez m\u00e1s, s\u00f3lo una peque\u00f1a cantidad en la dieta vegetariana. Hay efectos beneficiosos de estos ingredientes y la buena salud y la seguridad son siempre las principales prioridades de Evanger, por ejemplo, el ajo en una peque\u00f1a cantidad act\u00faa como antioxidante. Si tiene un cliente que quiere saber m\u00e1s sobre lo que puede ser potencialmente da\u00f1ino para las mascotas, env\u00edelo a la p\u00e1gina web del Centro de Control de Envenenamiento de Animales, www.aapcc.org, para obtener m\u00e1s informaci\u00f3n. Se sorprender\u00eda de lo que puede ser venenoso para las mascotas. Por ejemplo, las uvas y las pasas pueden causar problemas renales. Una vez m\u00e1s, su mascota necesita comer una gran cantidad para ver los efectos secundarios t\u00f3xicos. Si su perro se ha comido una o dos uvas porque se han ca\u00eddo al suelo y las ha cogido, no se preocupe. Si se ha comido un racimo entero, debe ponerse en contacto con su veterinario inmediatamente. No hay uvas en ninguno de los alimentos de Evanger.<\/p>\n<\/p><\/article><\/div>\n<span class=\"acc-trigger \"><a href=\"#\"><strong>\u00bfQu\u00e9 producto de Evanger deber\u00eda recomendarse si su mascota tiene diarrea frente a estre\u00f1imiento?<\/strong><\/a><\/span><div class=\"acc-container\"><article class=\"content\"><p>Esta es una informaci\u00f3n \u00fatil para todos los propietarios de perros y gatos porque algunas mascotas tienen tendencia a eliminar demasiada agua y otras no eliminan lo suficiente porque sufren deshidrataci\u00f3n, un problema renal o un problema de intestino grueso. El resultado final son unas heces demasiado blandas y acuosas o demasiado duras y secas, y ambas condiciones pueden ser dolorosas para la mascota. Si una mascota tiende a tener diarrea o estre\u00f1imiento con m\u00e1s frecuencia que las heces normales, una revisi\u00f3n veterinaria es el primer paso para descartar cualquier enfermedad o dolencia. Si el veterinario da el visto bueno a la mascota, es posible que haya que cambiar la dieta por otra m\u00e1s blanda y estre\u00f1ida para la diarrea, o una dieta con mayor contenido de grasa\/m\u00e1s fibra y m\u00e1s agua para un problema de estre\u00f1imiento. Cualquiera de las dietas de Evanger que contengan arroz le ayudar\u00e1 con un problema de heces blandas. La Cena de Cordero y Arroz o la Cena de Pollo y Arroz, por ejemplo, son una dieta suave para el intestino. La alimentaci\u00f3n con alimentos secos tambi\u00e9n puede ayudar a reafirmar las heces. Si una mascota tiene unas heces demasiado firmes y secas, a\u00f1adir alimentos enlatados y\/o a\u00f1adir agua a una dieta exclusivamente enlatada puede ayudar. Pruebe a cambiar a una dieta con mayor contenido en grasa, y a a\u00f1adir m\u00e1s fibra, con nuestro 100% Batata o combinando nuestra Cena Vegetariana con nuestro Fais\u00e1n Sin Grano; para una combinaci\u00f3n de m\u00e1s fibra con m\u00e1s grasa que puede ayudar a ablandar las heces.<\/p><\/article><\/div>\n<span class=\"acc-trigger \"><a href=\"#\"><strong>\u00bfCu\u00e1les son los beneficios de a\u00f1adir agua a la comida de su mascota?<\/strong><\/a><\/span><div class=\"acc-container\"><article class=\"content\"><p>Todos somos ~ 75% agua ~ personas, perros, gatos, etc. Los beb\u00e9s humanos nacen con un 78% de agua y la cantidad disminuye con la edad. Por lo tanto, es importante que todos tomemos suficiente agua, ya sea directamente por la cantidad que bebemos o ingerida en la comida. Si una mascota no es muy bebedora de agua, no debe ofrecerse comida seca. Una dieta seca puede contribuir a\u00fan m\u00e1s a un estado de deshidrataci\u00f3n. Esto es especialmente cierto en el caso de los gatos, ya que la mayor\u00eda de ellos no beben agua con frecuencia y su cuerpo debe robarle agua para procesar y digerir los alimentos secos. A\u00f1adir agua a la comida enlatada puede compensar esta situaci\u00f3n.<\/p>\n<p>Curiosamente, a algunos gatos\/perros no les gusta el sabor del agua del grifo en un cuenco de pl\u00e1stico, pero el agua filtrada que se cambia a diario y se sirve en un cuenco de cristal o cer\u00e1mica puede tener mejor sabor. A menudo, las mascotas s\u00f3lo beben del fregadero que gotea o, peor a\u00fan, de la taza del v\u00e1ter. La cer\u00e1mica mantiene el agua fr\u00eda aunque haya muchas bacterias que la contaminen. Mantenga las tapas de los inodoros bajadas o la puerta del ba\u00f1o cerrada y tenga agua fresca disponible las 24 horas del d\u00eda. Se puede estimular a las mascotas para que beban en un bebedero con fuente de agua, donde el agua pasa por un filtro durante todo el d\u00eda. Si su mascota no bebe suficiente agua, puede a\u00f1adirla f\u00e1cilmente a la dieta de un Evanger enlatado. <\/p><\/article><\/div>\n<span class=\"acc-trigger \"><a href=\"#\"><strong>\u00bfEs un alto contenido de grasa insalubre para mi perro?<\/strong><\/a><\/span><div class=\"acc-container\"><article class=\"content\"><p>Un alto contenido de grasa no es insalubre para su mascota. Es un error com\u00fan pensar que dar grasa animal como cortar la grasa del filete o la piel del pollo y d\u00e1rsela a su perro o gato puede provocar un endurecimiento de las arterias (arteriosclerosis) y ataques al coraz\u00f3n. A diferencia de las personas, que no deben ingerir muchas grasas animales, los perros y los gatos rara vez padecen arteriosclerosis o ataques card\u00edacos relacionados con la dieta. El colesterol alto tampoco predispone a la arteriosclerosis y\/o a los infartos, pero deber\u00eda alertar a su veterinario para que compruebe la funci\u00f3n tiroidea. Un colesterol alto en la sangre de un perro se observa con el hipotiroidismo, una gl\u00e1ndula tiroides poco activa. Demasiada grasa animal puede causar otro problema como la inflamaci\u00f3n del p\u00e1ncreas llamada pancreatitis. Se trata de una afecci\u00f3n dolorosa que puede poner en peligro la vida del perro. Los v\u00f3mitos son uno de los signos y los vemos m\u00e1s a menudo en Acci\u00f3n de Gracias, Navidad y en la temporada de barbacoas, cuando hay invitados y alimentan a la mascota de la familia con demasiada grasa.<\/p><\/article><\/div>\n<span class=\"acc-trigger \"><a href=\"#\"><strong>\u00bfExactamente cu\u00e1ndo es seguro hacer ejercicio con su mascota en referencia a la comida?<\/strong><\/a><\/span><div class=\"acc-container\"><article class=\"content\"><p>Todo el mundo sabe lo importante que es el ejercicio para nuestras mascotas y para nosotros, pero cu\u00e1ndo hacer ejercicio puede tener un efecto beneficioso o perjudicial. Debe hacer descansar a su mascota durante 1 hora antes de comer y al menos 2 horas despu\u00e9s de haber comido. De lo contrario, pueden producirse efectos secundarios perjudiciales. Antes, durante y despu\u00e9s del ejercicio, debe ofrecerse agua. Despu\u00e9s de un ejercicio, debe haber un periodo de enfriamiento en el que la frecuencia respiratoria haya vuelto a la normalidad, el jadeo haya cesado y la mascota ya no est\u00e9 sobrecalentada. Si una mascota acaba de comer, lo m\u00e1s seguro es no ejercitarla durante al menos dos horas. Es necesario que haya tiempo para una buena digesti\u00f3n, y lo mejor es que descanse. Si un animal, especialmente un perro de pecho profundo, peque\u00f1o o grande, se ejercita justo antes o despu\u00e9s de comer, podr\u00eda producirse una afecci\u00f3n potencialmente mortal llamada v\u00f3lvulo de gastrodistensi\u00f3n o GDV. Esto se conoce a menudo como hinchaz\u00f3n y es responsable de la muerte de muchas mascotas. Este es el peor de los casos, a veces, si se come demasiado cerca de hacer ejercicio, podr\u00eda producirse un trastorno gastrointestinal: mala digesti\u00f3n, v\u00f3mitos e incluso gases. Nadie quiere ver a su mascota con molestias, por lo que es mejor que descanse antes y despu\u00e9s de comer.<\/p><\/article><\/div>\n<span class=\"acc-trigger \"><a href=\"#\"><strong>\u00bfCu\u00e1les son los beneficios secundarios de alimentar exclusivamente a los Evanger?<\/strong><\/a><\/span><div class=\"acc-container\"><article class=\"content\"><p>Cuando un perro come una dieta que no es equilibrada, puede producirse un h\u00e1bito repugnante llamado coprofagia; alias &#8216;comer sus propias heces&#8217;&#8230; asqueroso. En la naturaleza, para las madres que practicaban la coprofagia, no hab\u00eda olores que atrajeran a los depredadores y, por lo tanto, sus cr\u00edas seguir\u00edan viviendo para reproducirse. Alimentar exclusivamente a las mascotas de Evanger podr\u00eda resolver este asqueroso h\u00e1bito. La coprofagia puede producirse cuando falta alguna vitamina o mineral en la dieta. PICA es el t\u00e9rmino que se utiliza cuando una mascota come algo que no deber\u00eda comer. Si una mascota padece PICA o coprofagia, lo primero que hay que cambiar es su alimentaci\u00f3n a una dieta m\u00e1s sana y nutritiva como la de Evanger. Tambi\u00e9n es importante que se elija una dieta completa y no una dieta de s\u00f3lo carne, o utilizar nuestros alimentos secos en combinaci\u00f3n con cualquier alimento enlatado.<\/p>\n<p>Como la palatabilidad de los alimentos para mascotas de Evanger es tan alta, su perro o gato nunca se saltar\u00e1 una comida a menos que haya un problema m\u00e9dico. Mientras los perros beban agua, no es peligroso que se salten una comida, pero los gatos deben comer todos los d\u00edas. Si un gato pasa m\u00e1s de dos d\u00edas sin comer, sea cual sea el problema principal, podr\u00eda desarrollar un problema hep\u00e1tico muy grave llamado lipidosis hep\u00e1tica o h\u00edgado graso.<\/p>\n<p>Una dieta equilibrada como la de Evanger proporcionar\u00e1 a su mascota un pelaje sano y brillante y podr\u00eda a\u00f1adir a\u00f1os a su vida.<\/p><\/article><\/div>[\/vc_column_text][\/vc_column][\/vc_row]\n<\/div>","protected":false},"excerpt":{"rendered":"<p>[vc_row][vc_column][vc_column_text] [\/vc_column_text][\/vc_column][\/vc_row]<\/p>\n","protected":false},"author":1,"featured_media":0,"parent":7937,"menu_order":0,"comment_status":"closed","ping_status":"open","template":"","meta":{"_acf_changed":false,"footnotes":""},"class_list":["post-7916","page","type-page","status-publish","hentry"],"acf":[],"_links":{"self":[{"href":"https:\/\/evangersdogfood.com\/es\/wp-json\/wp\/v2\/pages\/7916","targetHints":{"allow":["GET"]}}],"collection":[{"href":"https:\/\/evangersdogfood.com\/es\/wp-json\/wp\/v2\/pages"}],"about":[{"href":"https:\/\/evangersdogfood.com\/es\/wp-json\/wp\/v2\/types\/page"}],"author":[{"embeddable":true,"href":"https:\/\/evangersdogfood.com\/es\/wp-json\/wp\/v2\/users\/1"}],"replies":[{"embeddable":true,"href":"https:\/\/evangersdogfood.com\/es\/wp-json\/wp\/v2\/comments?post=7916"}],"version-history":[{"count":0,"href":"https:\/\/evangersdogfood.com\/es\/wp-json\/wp\/v2\/pages\/7916\/revisions"}],"up":[{"embeddable":true,"href":"https:\/\/evangersdogfood.com\/es\/wp-json\/wp\/v2\/pages\/7937"}],"wp:attachment":[{"href":"https:\/\/evangersdogfood.com\/es\/wp-json\/wp\/v2\/media?parent=7916"}],"curies":[{"name":"wp","href":"https:\/\/api.w.org\/{rel}","templated":true}]}}