{"id":7927,"date":"2015-03-11T19:41:32","date_gmt":"2015-03-11T19:41:32","guid":{"rendered":"https:\/\/evangersdogfood.com\/testimonials\/"},"modified":"2023-12-29T02:32:40","modified_gmt":"2023-12-29T08:32:40","slug":"testimonials","status":"publish","type":"page","link":"https:\/\/evangersdogfood.com\/es\/about-us\/testimonials\/","title":{"rendered":"Testimonios"},"content":{"rendered":"<div class=\"wpb-content-wrapper\">[vc_row row_type=\u00bb3&#8243; blox_image=\u00bb1196&#8243; blox_padding_top=\u00bb25&#8243; blox_padding_bottom=\u00bb20&#8243; blox_dark=\u00bbtrue\u00bb][vc_column]<hr class=\"vertical-space2\">[vc_column_text]\n<h1 style=\"text-align: center;\">Lo que dicen <span style=\"color: #a81010;\">Sobre nosotros<\/span><\/h1>\n[\/vc_column_text]<hr class=\"vertical-space1\">[testimonial_slider type=\u00bbtetra\u00bb][testimonial_item name=\u00bbRani Gill\u00bb subtitle=\u00bbSi no fuera por Evanger&#8217;s, no s\u00e9 qu\u00e9 habr\u00edamos hecho\u00bb testimonial_content=\u00bbEvanger&#8217;s. Probablemente ha salvado a mi hijo. Tiene SIBO despu\u00e9s de ingerir grava hace 2 meses y es un perro pastor alem\u00e1n de 70 libras. Como resultado, pas\u00f3 de 77 a 70 libras y no importaba lo que hiciera, no com\u00eda lo suficiente como para volver a ganar peso debido a sus problemas intestinales. Recientemente a\u00f1ad\u00ed un poco de conejo 100% a su comida y por primera vez no s\u00f3lo est\u00e1 comiendo todo, sino que adem\u00e1s quiere m\u00e1s comida. Creo que por fin vamos a conseguir que gane peso. Nada m\u00e1s ha funcionado. Si no fuera por Evanger&#8217;s no s\u00e9 qu\u00e9 hubi\u00e9ramos hecho.\u00bb][testimonial_item name=\u00bbMichele Gouveia de Griswold, Connecticut\u00bb subtitle=\u00bbEstoy encantada de que les gusten tus alimentos\u00bb testimonial_content=\u00bbMe sorprendi\u00f3 que los alimentos fueran realmente como las fotos de la p\u00e1gina web. Por lo general, las fotos presentan una imagen distorsionada de la comida para perros, pero las suyas eran fieles a la realidad. Abr\u00ed la caballa y me sorprendi\u00f3 ver esos pececitos mir\u00e1ndome fijamente. A continuaci\u00f3n, abr\u00ed la lata de estofado de ternera y ten\u00eda el mismo aspecto que el estofado que yo mismo preparar\u00eda. Puse los dos cuencos en el suelo y, literalmente, en menos de 3 minutos, \u00a1los dos platos fueron devorados! Mis cachorros me miraron, se sentaron y levantaron las patas, que es la se\u00f1al de que quer\u00edan m\u00e1s. Me qued\u00e9 impresionada. Estoy encantada de que les gusten vuestros alimentos y estoy igualmente encantada con la calidad de las comidas.\u00bb][testimonial_item name=\u00bbStacey De La Luna de Wayzata, Minnesota\u00bb subtitle=\u00bbSe ha vuelto loca de contenta y ha engullido cada bocado que le han ofrecido\u00bb testimonial_content=\u00bbEst\u00e1bamos all\u00ed para comprar, como de costumbre, bocadillos para perros, juguetes para hurones y luego comida para la tortuga (una deslizadora de orejas rojas llamada Nickel). Optamos por la lata de fais\u00e1n 100% h\u00fameda para perros Evanger&#8217;s Super Premium y pensamos que tal vez la tortuga podr\u00eda apreciarlo. Se ha vuelto loca de contenta y ha engullido cada bocado que se le ha ofrecido. Adem\u00e1s, nuestro APBT de 105 libras tambi\u00e9n ha mirado con avidez c\u00f3mo alimentamos a la tortuga con la esperanza de recibir un bocado. Tambi\u00e9n se la ofrecimos a nuestro hur\u00f3n de 2 a\u00f1os, que tambi\u00e9n se dio el gusto de comerla.\u00bb][testimonial_item name=\u00bbRick y Christina S. de Prescott, Arizona\u00bb subtitle=\u00bbSeremos fieles seguidores y compradores de por vida de nuestros beb\u00e9s\u00bb testimonial_content=\u00bbQuer\u00eda hacerles saber lo mucho que su comida para perros ha significado para nosotros. Nuestra hembra maltesa s\u00f3lo pesa 1 kilo y medio. Procede de un molino de cachorros y por eso es tan peque\u00f1a y muy fr\u00e1gil. De hecho, \u00abmuri\u00f3\u00ab en los brazos de mi marido dos d\u00edas despu\u00e9s de recibirla. Apenas sobrevivi\u00f3. Desde que la recibimos, hemos probado todo lo que hay en el mercado para intentar que coma. Ella rechaz\u00f3 todo, incluso mi comida casera. Muchas gracias por sacar un producto con un nivel tan alto y obviamente con un gran sabor. Seremos fieles seguidores y compradores durante toda la vida de nuestros beb\u00e9s.\u00bb][\/testimonial_slider]<hr class=\"vertical-space2\">[\/vc_column][\/vc_row]\n<\/div>","protected":false},"excerpt":{"rendered":"<p>[vc_row row_type=\u00bb3&#8243; blox_image=\u00bb1196&#8243; blox_padding_top=\u00bb25&#8243; blox_padding_bottom=\u00bb20&#8243; blox_dark=\u00bbtrue\u00bb][vc_column][vc_column_text] Lo que dicen Sobre nosotros [\/vc_column_text][testimonial_slider type=\u00bbtetra\u00bb][testimonial_item name=\u00bbRani Gill\u00bb subtitle=\u00bbSi no fuera por Evanger&#8217;s, no s\u00e9 qu\u00e9 habr\u00edamos hecho\u00bb testimonial_content=\u00bbEvanger&#8217;s. Probablemente ha salvado a mi hijo. Tiene SIBO despu\u00e9s de ingerir grava hace 2 meses y es un perro pastor alem\u00e1n de 70 libras. Como resultado, pas\u00f3 de 77 a 70 libras y no importaba lo que hiciera, no com\u00eda lo suficiente como para volver a ganar peso debido a sus problemas intestinales. Recientemente a\u00f1ad\u00ed un poco de conejo 100% a su comida y por primera vez no s\u00f3lo est\u00e1 comiendo todo, sino que adem\u00e1s quiere m\u00e1s comida. Creo que por fin vamos a conseguir que gane peso. Nada m\u00e1s ha funcionado. Si no fuera por Evanger&#8217;s no s\u00e9 qu\u00e9 hubi\u00e9ramos hecho.\u00bb][testimonial_item name=\u00bbMichele Gouveia de Griswold, Connecticut\u00bb subtitle=\u00bbEstoy encantada de que les gusten tus alimentos\u00bb testimonial_content=\u00bbMe sorprendi\u00f3 que los alimentos fueran realmente como las fotos de la p\u00e1gina web. Por lo general, las fotos presentan una imagen distorsionada de la comida para perros, pero las suyas eran fieles a la realidad. Abr\u00ed la caballa y me sorprendi\u00f3 ver esos pececitos mir\u00e1ndome fijamente. A continuaci\u00f3n, abr\u00ed la lata de estofado de ternera y ten\u00eda el mismo aspecto que el estofado que yo mismo preparar\u00eda. Puse los dos cuencos en el suelo y, literalmente, en menos de 3 minutos, \u00a1los dos platos fueron devorados! Mis cachorros me miraron, se sentaron y levantaron las patas, que es la se\u00f1al de que quer\u00edan m\u00e1s. Me qued\u00e9 impresionada. Estoy encantada de que les gusten vuestros alimentos y estoy igualmente encantada con la calidad de las comidas.\u00bb][testimonial_item name=\u00bbStacey De La Luna de Wayzata, Minnesota\u00bb subtitle=\u00bbSe ha vuelto loca de contenta y ha engullido cada bocado que le han ofrecido\u00bb testimonial_content=\u00bbEst\u00e1bamos all\u00ed para comprar, como de costumbre, bocadillos para perros, juguetes&#8230; <\/p>\n<p><a class=\"readmore\" href=\"https:\/\/evangersdogfood.com\/es\/about-us\/testimonials\/\">Read More<\/a><\/p>\n","protected":false},"author":1,"featured_media":0,"parent":7938,"menu_order":0,"comment_status":"closed","ping_status":"open","template":"","meta":{"_acf_changed":false,"footnotes":""},"class_list":["post-7927","page","type-page","status-publish","hentry"],"acf":[],"_links":{"self":[{"href":"https:\/\/evangersdogfood.com\/es\/wp-json\/wp\/v2\/pages\/7927","targetHints":{"allow":["GET"]}}],"collection":[{"href":"https:\/\/evangersdogfood.com\/es\/wp-json\/wp\/v2\/pages"}],"about":[{"href":"https:\/\/evangersdogfood.com\/es\/wp-json\/wp\/v2\/types\/page"}],"author":[{"embeddable":true,"href":"https:\/\/evangersdogfood.com\/es\/wp-json\/wp\/v2\/users\/1"}],"replies":[{"embeddable":true,"href":"https:\/\/evangersdogfood.com\/es\/wp-json\/wp\/v2\/comments?post=7927"}],"version-history":[{"count":0,"href":"https:\/\/evangersdogfood.com\/es\/wp-json\/wp\/v2\/pages\/7927\/revisions"}],"up":[{"embeddable":true,"href":"https:\/\/evangersdogfood.com\/es\/wp-json\/wp\/v2\/pages\/7938"}],"wp:attachment":[{"href":"https:\/\/evangersdogfood.com\/es\/wp-json\/wp\/v2\/media?parent=7927"}],"curies":[{"name":"wp","href":"https:\/\/api.w.org\/{rel}","templated":true}]}}