{"id":7934,"date":"2015-03-11T19:41:07","date_gmt":"2015-03-11T19:41:07","guid":{"rendered":"https:\/\/evangersdogfood.com\/our-history\/"},"modified":"2023-12-29T02:32:39","modified_gmt":"2023-12-29T08:32:39","slug":"our-history","status":"publish","type":"page","link":"https:\/\/evangersdogfood.com\/es\/about-us\/our-history\/","title":{"rendered":"Nuestra historia"},"content":{"rendered":"<div class=\"wpb-content-wrapper\">[vc_row][vc_column][vc_column_text]Desde 1935, Evanger&#8217;s Dog &amp; Cat Food Company, Inc. ha sido la mejor empresa de alimentos naturales para mascotas de los Estados Unidos. Nuestro fundador, Fred Evanger, cri\u00f3, exhibi\u00f3 y defendi\u00f3 a sus Gran Daneses en clubes caninos internacionales. Era un ferviente creyente de que la salud de sus perros y la de sus cr\u00edas depend\u00eda de una alimentaci\u00f3n sana y nutritiva, y defend\u00eda firmemente que \u00e9sta era la clave de su \u00e9xito en el ring de exposiciones. El Sr. Evanger construy\u00f3 una f\u00e1brica de conservas en su perrera para poder elaborar un alimento de calidad, sin aditivos ni conservantes perjudiciales;, que fuera lo suficientemente superior para sus campeones. M\u00e1s de 76 a\u00f1os despu\u00e9s, sabemos que Fred Evanger era un hombre adelantado a su tiempo.<\/p>\n<h4>Lo que los profesionales saben desde hace m\u00e1s de 80 a\u00f1os<\/h4>\n<p>No hay duda de que Fred Evanger logr\u00f3 su objetivo en 1935. Evanger&#8217;s Dog &amp; Cat Food Co. creci\u00f3 hasta convertirse en una historia de \u00e9xito regional, y luego nacional, a medida que la calidad de los ingredientes y los procesos de fabricaci\u00f3n se extend\u00edan a los criadores de perros de exposici\u00f3n y deportivos, a los veterinarios, a las residencias caninas y a las tiendas de piensos. Evanger&#8217;s siempre ha apoyado el mercado independiente y usted puede encontrar nuestros alimentos de calidad para mascotas en las tiendas independientes de alimentos para mascotas m\u00e1s cercanas a usted; \u00a1s\u00f3lo tiene que hacer clic en nuestro localizador de tiendas!<\/p>\n<p>Setenta y seis a\u00f1os despu\u00e9s, la l\u00ednea ampliada de alimentos para mascotas de Evanger&#8217;s se fabrica en el emplazamiento original, siguiendo la misma tradici\u00f3n de calidad sin concesiones en deliciosas comidas para perros y gatos. Evanger&#8217;s sigue siendo una empresa familiar y contin\u00faa siendo tan innovadora como lo era el Sr. Evanger cuando empez\u00f3 a fabricar alimentos para mascotas. En 2003, Evanger&#8217;s fue la primera empresa de alimentos para mascotas en crear un alimento envasado a mano en lugar de a m\u00e1quina, introduciendo en las latas trozos enteros de carne y verduras frescas.[\/vc_column_text][\/vc_column][\/vc_row]\n<\/div>","protected":false},"excerpt":{"rendered":"<p>[vc_row][vc_column][vc_column_text]Desde 1935, Evanger&#8217;s Dog &amp; Cat Food Company, Inc. ha sido la mejor empresa de alimentos naturales para mascotas de los Estados Unidos. Nuestro fundador, Fred Evanger, cri\u00f3, exhibi\u00f3 y defendi\u00f3 a sus Gran Daneses en clubes caninos internacionales. Era un ferviente creyente de que la salud de sus perros y la de sus cr\u00edas depend\u00eda de una alimentaci\u00f3n sana y nutritiva, y defend\u00eda firmemente que \u00e9sta era la clave de su \u00e9xito en el ring de exposiciones. El Sr. Evanger construy\u00f3 una f\u00e1brica de conservas en su perrera para poder elaborar un alimento de calidad, sin aditivos ni conservantes perjudiciales;, que fuera lo suficientemente superior para sus campeones. M\u00e1s de 76 a\u00f1os despu\u00e9s, sabemos que Fred Evanger era un hombre adelantado a su tiempo. Lo que los profesionales saben desde hace m\u00e1s de 80 a\u00f1os No hay duda de que Fred Evanger logr\u00f3 su objetivo en 1935. Evanger&#8217;s Dog &amp; Cat Food Co. creci\u00f3 hasta convertirse en una historia de \u00e9xito regional, y luego nacional, a medida que la calidad de los ingredientes y los procesos de fabricaci\u00f3n se extend\u00edan a los criadores de perros de exposici\u00f3n y deportivos, a los veterinarios, a las residencias caninas y a las tiendas de piensos. Evanger&#8217;s siempre ha apoyado el mercado independiente y usted puede encontrar nuestros alimentos de calidad para mascotas en las tiendas independientes de alimentos para mascotas m\u00e1s cercanas a usted; \u00a1s\u00f3lo tiene que hacer clic en nuestro localizador de tiendas! Setenta y seis a\u00f1os despu\u00e9s, la l\u00ednea ampliada de alimentos para mascotas de Evanger&#8217;s se fabrica en el emplazamiento original, siguiendo la misma tradici\u00f3n de calidad sin concesiones en deliciosas comidas para perros y gatos. Evanger&#8217;s sigue siendo una empresa familiar y contin\u00faa siendo tan innovadora como lo era el Sr. Evanger cuando empez\u00f3 a fabricar alimentos para&#8230; <\/p>\n<p><a class=\"readmore\" href=\"https:\/\/evangersdogfood.com\/es\/about-us\/our-history\/\">Read More<\/a><\/p>\n","protected":false},"author":1,"featured_media":0,"parent":7938,"menu_order":0,"comment_status":"closed","ping_status":"open","template":"","meta":{"_acf_changed":false,"footnotes":""},"class_list":["post-7934","page","type-page","status-publish","hentry"],"acf":[],"_links":{"self":[{"href":"https:\/\/evangersdogfood.com\/es\/wp-json\/wp\/v2\/pages\/7934","targetHints":{"allow":["GET"]}}],"collection":[{"href":"https:\/\/evangersdogfood.com\/es\/wp-json\/wp\/v2\/pages"}],"about":[{"href":"https:\/\/evangersdogfood.com\/es\/wp-json\/wp\/v2\/types\/page"}],"author":[{"embeddable":true,"href":"https:\/\/evangersdogfood.com\/es\/wp-json\/wp\/v2\/users\/1"}],"replies":[{"embeddable":true,"href":"https:\/\/evangersdogfood.com\/es\/wp-json\/wp\/v2\/comments?post=7934"}],"version-history":[{"count":0,"href":"https:\/\/evangersdogfood.com\/es\/wp-json\/wp\/v2\/pages\/7934\/revisions"}],"up":[{"embeddable":true,"href":"https:\/\/evangersdogfood.com\/es\/wp-json\/wp\/v2\/pages\/7938"}],"wp:attachment":[{"href":"https:\/\/evangersdogfood.com\/es\/wp-json\/wp\/v2\/media?parent=7934"}],"curies":[{"name":"wp","href":"https:\/\/api.w.org\/{rel}","templated":true}]}}