{"id":8287,"date":"2019-01-21T18:29:33","date_gmt":"2019-01-22T00:29:33","guid":{"rendered":"https:\/\/evangersdogfood.com\/product\/10234\/"},"modified":"2024-07-27T17:00:19","modified_gmt":"2024-07-27T22:00:19","slug":"10234","status":"publish","type":"product","link":"https:\/\/evangersdogfood.com\/es\/product\/10234\/","title":{"rendered":"Heritage Classic Cordero y Arroz JUMBO (20 oz)"},"content":{"rendered":"<p>Evanger&#8217;s Lamb &amp; Rice Dinner is formulated to meet the nutritional levels established by the AAFCO nutrient profiles for all life stages. Puppies, pregnant and nursing dogs may require 2-3 times above amounts, and reduced for less active or older dogs. Amount of food your dog requires depends on activity, age, environment and breed.<br \/>\nLamb &amp; Rice Dinner is endorsed by the cRc Kosher for Passover.<\/p>\n","protected":false},"excerpt":{"rendered":"<p>El cordero y el arroz juntos forman una comida saludable que les encantar\u00e1 a los perros. Esta receta cl\u00e1sica de Evanger&#8217;s es una f\u00f3rmula sencilla y nutritiva a base de carne para los amantes de la carne.<\/p>\n","protected":false},"featured_media":8290,"comment_status":"open","ping_status":"closed","template":"","meta":{"_acf_changed":false},"product_brand":[],"product_cat":[176],"product_tag":[177],"class_list":{"0":"post-8287","1":"product","2":"type-product","3":"status-publish","4":"has-post-thumbnail","6":"product_cat-dog-food-es","7":"product_tag-classic-line-es","9":"first","10":"instock","11":"taxable","12":"shipping-taxable","13":"purchasable","14":"product-type-simple"},"acf":[],"_links":{"self":[{"href":"https:\/\/evangersdogfood.com\/es\/wp-json\/wp\/v2\/product\/8287","targetHints":{"allow":["GET"]}}],"collection":[{"href":"https:\/\/evangersdogfood.com\/es\/wp-json\/wp\/v2\/product"}],"about":[{"href":"https:\/\/evangersdogfood.com\/es\/wp-json\/wp\/v2\/types\/product"}],"replies":[{"embeddable":true,"href":"https:\/\/evangersdogfood.com\/es\/wp-json\/wp\/v2\/comments?post=8287"}],"wp:featuredmedia":[{"embeddable":true,"href":"https:\/\/evangersdogfood.com\/es\/wp-json\/wp\/v2\/media\/8290"}],"wp:attachment":[{"href":"https:\/\/evangersdogfood.com\/es\/wp-json\/wp\/v2\/media?parent=8287"}],"wp:term":[{"taxonomy":"product_brand","embeddable":true,"href":"https:\/\/evangersdogfood.com\/es\/wp-json\/wp\/v2\/product_brand?post=8287"},{"taxonomy":"product_cat","embeddable":true,"href":"https:\/\/evangersdogfood.com\/es\/wp-json\/wp\/v2\/product_cat?post=8287"},{"taxonomy":"product_tag","embeddable":true,"href":"https:\/\/evangersdogfood.com\/es\/wp-json\/wp\/v2\/product_tag?post=8287"}],"curies":[{"name":"wp","href":"https:\/\/api.w.org\/{rel}","templated":true}]}}