{"id":8352,"date":"2015-03-13T19:28:21","date_gmt":"2015-03-14T00:28:21","guid":{"rendered":"https:\/\/evangersdogfood.com\/product\/40131\/"},"modified":"2023-07-25T17:37:50","modified_gmt":"2023-07-25T22:37:50","slug":"40131","status":"publish","type":"product","link":"https:\/\/evangersdogfood.com\/es\/product\/40131\/","title":{"rendered":"Receta de mezcla sin cereales para amantes de la carne con conejo para gatos &#8211; 4.4 Lb."},"content":{"rendered":"<p>Evanger&#8217;s Grain-Free Meat Lover&#8217;s Medley with Rabbit Dry Cat Food is formulated to meet the nutritional levels established by the AAFCO nutrient profiles for all life stages. Kittens, pregnant and nursing cats may require 2-3 times above amounts, and reduced for less active or older cats. Amount of food your cat requires depends on activity, age, environment and breed.<\/p>\n","protected":false},"excerpt":{"rendered":"<p>Combina tres carnes \u00fanicas: B\u00fafalo, cerdo y conejo para una deliciosa mezcla de carnes para el carn\u00edvoro obligado. Utiliza frutas y verduras ricas en nutrientes en lugar de cereales para una salud felina \u00f3ptima.<\/p>\n","protected":false},"featured_media":8354,"comment_status":"open","ping_status":"closed","template":"","meta":{"_acf_changed":false},"product_brand":[],"product_cat":[163],"product_tag":[178],"class_list":{"0":"post-8352","1":"product","2":"type-product","3":"status-publish","4":"has-post-thumbnail","6":"product_cat-comida-de-gato","7":"product_tag-dry-food-es","9":"first","10":"instock","11":"taxable","12":"shipping-taxable","13":"purchasable","14":"product-type-simple"},"acf":[],"_links":{"self":[{"href":"https:\/\/evangersdogfood.com\/es\/wp-json\/wp\/v2\/product\/8352","targetHints":{"allow":["GET"]}}],"collection":[{"href":"https:\/\/evangersdogfood.com\/es\/wp-json\/wp\/v2\/product"}],"about":[{"href":"https:\/\/evangersdogfood.com\/es\/wp-json\/wp\/v2\/types\/product"}],"replies":[{"embeddable":true,"href":"https:\/\/evangersdogfood.com\/es\/wp-json\/wp\/v2\/comments?post=8352"}],"wp:featuredmedia":[{"embeddable":true,"href":"https:\/\/evangersdogfood.com\/es\/wp-json\/wp\/v2\/media\/8354"}],"wp:attachment":[{"href":"https:\/\/evangersdogfood.com\/es\/wp-json\/wp\/v2\/media?parent=8352"}],"wp:term":[{"taxonomy":"product_brand","embeddable":true,"href":"https:\/\/evangersdogfood.com\/es\/wp-json\/wp\/v2\/product_brand?post=8352"},{"taxonomy":"product_cat","embeddable":true,"href":"https:\/\/evangersdogfood.com\/es\/wp-json\/wp\/v2\/product_cat?post=8352"},{"taxonomy":"product_tag","embeddable":true,"href":"https:\/\/evangersdogfood.com\/es\/wp-json\/wp\/v2\/product_tag?post=8352"}],"curies":[{"name":"wp","href":"https:\/\/api.w.org\/{rel}","templated":true}]}}