{"id":8384,"date":"2015-03-13T18:58:08","date_gmt":"2015-03-13T23:58:08","guid":{"rendered":"https:\/\/evangersdogfood.com\/product\/10080\/"},"modified":"2025-04-11T16:13:44","modified_gmt":"2025-04-11T21:13:44","slug":"10080","status":"publish","type":"product","link":"https:\/\/evangersdogfood.com\/es\/product\/10080\/","title":{"rendered":"Cena Beef It Up"},"content":{"rendered":"<p>Evanger&#8217;s Beef It Up Dinner is formulated to meet the nutritional levels established by the AAFCO nutrient profiles for all life stages. Kittens, pregnant and nursing cats may require 2-3 times above amounts, and reduced for less active or older cats. Amount of food your cat requires depends on activity, age, environment and breed.<\/p>\n","protected":false},"excerpt":{"rendered":"<p>Carne e h\u00edgado. Un combo cl\u00e1sico para una cena cl\u00e1sica.<\/p>\n","protected":false},"featured_media":8387,"comment_status":"open","ping_status":"closed","template":"","meta":{"_acf_changed":false},"product_brand":[],"product_cat":[163],"product_tag":[177],"class_list":{"0":"post-8384","1":"product","2":"type-product","3":"status-publish","4":"has-post-thumbnail","6":"product_cat-comida-de-gato","7":"product_tag-classic-line-es","9":"first","10":"instock","11":"taxable","12":"shipping-taxable","13":"purchasable","14":"product-type-simple"},"acf":[],"_links":{"self":[{"href":"https:\/\/evangersdogfood.com\/es\/wp-json\/wp\/v2\/product\/8384","targetHints":{"allow":["GET"]}}],"collection":[{"href":"https:\/\/evangersdogfood.com\/es\/wp-json\/wp\/v2\/product"}],"about":[{"href":"https:\/\/evangersdogfood.com\/es\/wp-json\/wp\/v2\/types\/product"}],"replies":[{"embeddable":true,"href":"https:\/\/evangersdogfood.com\/es\/wp-json\/wp\/v2\/comments?post=8384"}],"wp:featuredmedia":[{"embeddable":true,"href":"https:\/\/evangersdogfood.com\/es\/wp-json\/wp\/v2\/media\/8387"}],"wp:attachment":[{"href":"https:\/\/evangersdogfood.com\/es\/wp-json\/wp\/v2\/media?parent=8384"}],"wp:term":[{"taxonomy":"product_brand","embeddable":true,"href":"https:\/\/evangersdogfood.com\/es\/wp-json\/wp\/v2\/product_brand?post=8384"},{"taxonomy":"product_cat","embeddable":true,"href":"https:\/\/evangersdogfood.com\/es\/wp-json\/wp\/v2\/product_cat?post=8384"},{"taxonomy":"product_tag","embeddable":true,"href":"https:\/\/evangersdogfood.com\/es\/wp-json\/wp\/v2\/product_tag?post=8384"}],"curies":[{"name":"wp","href":"https:\/\/api.w.org\/{rel}","templated":true}]}}