{"id":8388,"date":"2015-03-13T17:02:19","date_gmt":"2015-03-13T22:02:19","guid":{"rendered":"https:\/\/evangersdogfood.com\/product\/60206\/"},"modified":"2024-07-15T16:19:48","modified_gmt":"2024-07-15T21:19:48","slug":"60206","status":"publish","type":"product","link":"https:\/\/evangersdogfood.com\/es\/product\/60206\/","title":{"rendered":"Lengua de vaca secada suavemente"},"content":{"rendered":"<p>Nothing more than pure beef tongue &#8211; a delicacy for your canine or feline.<\/p>\n","protected":false},"excerpt":{"rendered":"<p>La lengua de vaca es una prote\u00edna \u00fanica de una sola fuente, rica en \u00e1cidos grasos esenciales. Sin gluten, sin cereales, y nunca utiliza aditivos ni ingredientes artificiales.<\/p>\n","protected":false},"featured_media":8392,"comment_status":"open","ping_status":"closed","template":"","meta":{"_acf_changed":false},"product_brand":[],"product_cat":[163,180],"product_tag":[181,185],"class_list":{"0":"post-8388","1":"product","2":"type-product","3":"status-publish","4":"has-post-thumbnail","6":"product_cat-comida-de-gato","7":"product_cat-pet-treats-es","8":"product_tag-gently-dried-treats-es","9":"product_tag-nothing-but-natural-es","11":"first","12":"instock","13":"taxable","14":"shipping-taxable","15":"purchasable","16":"product-type-simple"},"acf":[],"_links":{"self":[{"href":"https:\/\/evangersdogfood.com\/es\/wp-json\/wp\/v2\/product\/8388","targetHints":{"allow":["GET"]}}],"collection":[{"href":"https:\/\/evangersdogfood.com\/es\/wp-json\/wp\/v2\/product"}],"about":[{"href":"https:\/\/evangersdogfood.com\/es\/wp-json\/wp\/v2\/types\/product"}],"replies":[{"embeddable":true,"href":"https:\/\/evangersdogfood.com\/es\/wp-json\/wp\/v2\/comments?post=8388"}],"wp:featuredmedia":[{"embeddable":true,"href":"https:\/\/evangersdogfood.com\/es\/wp-json\/wp\/v2\/media\/8392"}],"wp:attachment":[{"href":"https:\/\/evangersdogfood.com\/es\/wp-json\/wp\/v2\/media?parent=8388"}],"wp:term":[{"taxonomy":"product_brand","embeddable":true,"href":"https:\/\/evangersdogfood.com\/es\/wp-json\/wp\/v2\/product_brand?post=8388"},{"taxonomy":"product_cat","embeddable":true,"href":"https:\/\/evangersdogfood.com\/es\/wp-json\/wp\/v2\/product_cat?post=8388"},{"taxonomy":"product_tag","embeddable":true,"href":"https:\/\/evangersdogfood.com\/es\/wp-json\/wp\/v2\/product_tag?post=8388"}],"curies":[{"name":"wp","href":"https:\/\/api.w.org\/{rel}","templated":true}]}}