{"id":8398,"date":"2015-03-13T16:57:49","date_gmt":"2015-03-13T21:57:49","guid":{"rendered":"https:\/\/evangersdogfood.com\/product\/60203\/"},"modified":"2024-08-04T14:59:26","modified_gmt":"2024-08-04T19:59:26","slug":"60203","status":"publish","type":"product","link":"https:\/\/evangersdogfood.com\/es\/product\/60203\/","title":{"rendered":"Pulmones de ternera secados suavemente"},"content":{"rendered":"<p>Beef Lung is a unique single-source protein that is rich in essential fatty acids. Gluten-free, grain-free, and never uses additives or artificial ingredients.<\/p>\n","protected":false},"excerpt":{"rendered":"<p>Beef Lung es una prote\u00edna \u00fanica de una sola fuente que es rica en \u00e1cidos grasos esenciales. Sin gluten, sin cereales, y nunca utiliza aditivos o ingredientes artificiales.<\/p>\n","protected":false},"featured_media":8402,"comment_status":"open","ping_status":"closed","template":"","meta":{"_acf_changed":false},"product_brand":[],"product_cat":[180],"product_tag":[181,185],"class_list":{"0":"post-8398","1":"product","2":"type-product","3":"status-publish","4":"has-post-thumbnail","6":"product_cat-pet-treats-es","7":"product_tag-gently-dried-treats-es","8":"product_tag-nothing-but-natural-es","9":"product_shipping_class-free-shipping","11":"first","12":"instock","13":"taxable","14":"shipping-taxable","15":"purchasable","16":"product-type-simple"},"acf":[],"_links":{"self":[{"href":"https:\/\/evangersdogfood.com\/es\/wp-json\/wp\/v2\/product\/8398","targetHints":{"allow":["GET"]}}],"collection":[{"href":"https:\/\/evangersdogfood.com\/es\/wp-json\/wp\/v2\/product"}],"about":[{"href":"https:\/\/evangersdogfood.com\/es\/wp-json\/wp\/v2\/types\/product"}],"replies":[{"embeddable":true,"href":"https:\/\/evangersdogfood.com\/es\/wp-json\/wp\/v2\/comments?post=8398"}],"wp:featuredmedia":[{"embeddable":true,"href":"https:\/\/evangersdogfood.com\/es\/wp-json\/wp\/v2\/media\/8402"}],"wp:attachment":[{"href":"https:\/\/evangersdogfood.com\/es\/wp-json\/wp\/v2\/media?parent=8398"}],"wp:term":[{"taxonomy":"product_brand","embeddable":true,"href":"https:\/\/evangersdogfood.com\/es\/wp-json\/wp\/v2\/product_brand?post=8398"},{"taxonomy":"product_cat","embeddable":true,"href":"https:\/\/evangersdogfood.com\/es\/wp-json\/wp\/v2\/product_cat?post=8398"},{"taxonomy":"product_tag","embeddable":true,"href":"https:\/\/evangersdogfood.com\/es\/wp-json\/wp\/v2\/product_tag?post=8398"}],"curies":[{"name":"wp","href":"https:\/\/api.w.org\/{rel}","templated":true}]}}