{"id":8407,"date":"2015-03-13T16:51:06","date_gmt":"2015-03-13T21:51:06","guid":{"rendered":"https:\/\/evangersdogfood.com\/product\/60200\/"},"modified":"2024-08-04T14:59:25","modified_gmt":"2024-08-04T19:59:25","slug":"60200","status":"publish","type":"product","link":"https:\/\/evangersdogfood.com\/es\/product\/60200\/","title":{"rendered":"H\u00edgado de ternera suavemente desecado"},"content":{"rendered":"<p>Beef Liver is gently dehydrated for maximum palatability.<\/p>\n","protected":false},"excerpt":{"rendered":"<p>Este producto de un solo ingrediente utiliza carne de m\u00fasculo entero, por lo que no contiene gluten, ni cereales, ni aditivos o ingredientes artificiales. Nada m\u00e1s que puro h\u00edgado de vacuno. Una golosina para caninos y felinos.<\/p>\n","protected":false},"featured_media":8411,"comment_status":"open","ping_status":"closed","template":"","meta":{"_acf_changed":false},"product_brand":[],"product_cat":[180],"product_tag":[181,185],"class_list":{"0":"post-8407","1":"product","2":"type-product","3":"status-publish","4":"has-post-thumbnail","6":"product_cat-pet-treats-es","7":"product_tag-gently-dried-treats-es","8":"product_tag-nothing-but-natural-es","10":"first","11":"outofstock","12":"taxable","13":"shipping-taxable","14":"purchasable","15":"product-type-simple"},"acf":[],"_links":{"self":[{"href":"https:\/\/evangersdogfood.com\/es\/wp-json\/wp\/v2\/product\/8407","targetHints":{"allow":["GET"]}}],"collection":[{"href":"https:\/\/evangersdogfood.com\/es\/wp-json\/wp\/v2\/product"}],"about":[{"href":"https:\/\/evangersdogfood.com\/es\/wp-json\/wp\/v2\/types\/product"}],"replies":[{"embeddable":true,"href":"https:\/\/evangersdogfood.com\/es\/wp-json\/wp\/v2\/comments?post=8407"}],"wp:featuredmedia":[{"embeddable":true,"href":"https:\/\/evangersdogfood.com\/es\/wp-json\/wp\/v2\/media\/8411"}],"wp:attachment":[{"href":"https:\/\/evangersdogfood.com\/es\/wp-json\/wp\/v2\/media?parent=8407"}],"wp:term":[{"taxonomy":"product_brand","embeddable":true,"href":"https:\/\/evangersdogfood.com\/es\/wp-json\/wp\/v2\/product_brand?post=8407"},{"taxonomy":"product_cat","embeddable":true,"href":"https:\/\/evangersdogfood.com\/es\/wp-json\/wp\/v2\/product_cat?post=8407"},{"taxonomy":"product_tag","embeddable":true,"href":"https:\/\/evangersdogfood.com\/es\/wp-json\/wp\/v2\/product_tag?post=8407"}],"curies":[{"name":"wp","href":"https:\/\/api.w.org\/{rel}","templated":true}]}}