{"id":8412,"date":"2015-03-13T16:47:28","date_gmt":"2015-03-13T21:47:28","guid":{"rendered":"https:\/\/evangersdogfood.com\/product\/60106\/"},"modified":"2024-09-19T11:55:13","modified_gmt":"2024-09-19T16:55:13","slug":"60106","status":"publish","type":"product","link":"https:\/\/evangersdogfood.com\/es\/product\/60106\/","title":{"rendered":"Venado sin cereales con frutas y verduras"},"content":{"rendered":"<p>Contains no corn, no wheat, no soy.<\/p>\n","protected":false},"excerpt":{"rendered":"<p>Junto con la carne de venado, una carne \u00fanica, a\u00f1adimos ar\u00e1ndanos y ar\u00e1ndanos rojos frescos de la granja. Se trata de una golosina baja en calor\u00edas, sin culpa y sin cereales. La manera m\u00e1s f\u00e1cil de introducir frutas y verduras en la dieta de su perro.<\/p>\n","protected":false},"featured_media":8413,"comment_status":"open","ping_status":"closed","template":"","meta":{"_acf_changed":false},"product_brand":[],"product_cat":[180],"product_tag":[184,185],"class_list":{"0":"post-8412","1":"product","2":"type-product","3":"status-publish","4":"has-post-thumbnail","6":"product_cat-pet-treats-es","7":"product_tag-jerky-treats-es","8":"product_tag-nothing-but-natural-es","9":"product_shipping_class-free-shipping","11":"first","12":"instock","13":"taxable","14":"shipping-taxable","15":"purchasable","16":"product-type-simple"},"acf":[],"_links":{"self":[{"href":"https:\/\/evangersdogfood.com\/es\/wp-json\/wp\/v2\/product\/8412","targetHints":{"allow":["GET"]}}],"collection":[{"href":"https:\/\/evangersdogfood.com\/es\/wp-json\/wp\/v2\/product"}],"about":[{"href":"https:\/\/evangersdogfood.com\/es\/wp-json\/wp\/v2\/types\/product"}],"replies":[{"embeddable":true,"href":"https:\/\/evangersdogfood.com\/es\/wp-json\/wp\/v2\/comments?post=8412"}],"wp:featuredmedia":[{"embeddable":true,"href":"https:\/\/evangersdogfood.com\/es\/wp-json\/wp\/v2\/media\/8413"}],"wp:attachment":[{"href":"https:\/\/evangersdogfood.com\/es\/wp-json\/wp\/v2\/media?parent=8412"}],"wp:term":[{"taxonomy":"product_brand","embeddable":true,"href":"https:\/\/evangersdogfood.com\/es\/wp-json\/wp\/v2\/product_brand?post=8412"},{"taxonomy":"product_cat","embeddable":true,"href":"https:\/\/evangersdogfood.com\/es\/wp-json\/wp\/v2\/product_cat?post=8412"},{"taxonomy":"product_tag","embeddable":true,"href":"https:\/\/evangersdogfood.com\/es\/wp-json\/wp\/v2\/product_tag?post=8412"}],"curies":[{"name":"wp","href":"https:\/\/api.w.org\/{rel}","templated":true}]}}