{"id":8414,"date":"2015-03-13T16:45:39","date_gmt":"2015-03-13T21:45:39","guid":{"rendered":"https:\/\/evangersdogfood.com\/product\/60104\/"},"modified":"2024-06-28T17:08:58","modified_gmt":"2024-06-28T22:08:58","slug":"60104","status":"publish","type":"product","link":"https:\/\/evangersdogfood.com\/es\/product\/60104\/","title":{"rendered":"B\u00fafalo sin cereales con frutas y verduras"},"content":{"rendered":"<p>Contains no corn, no wheat, no soy.<\/p>\n","protected":false},"excerpt":{"rendered":"<p>Comenzando con b\u00fafalo criado de forma natural, a\u00f1adimos ingredientes saludables como zanahorias y guisantes frescos de la granja. Una golosina de carne ex\u00f3tica, baja en calor\u00edas, sin culpa y sin granos, que su perro disfrutar\u00e1.<\/p>\n","protected":false},"featured_media":8415,"comment_status":"open","ping_status":"closed","template":"","meta":{"_acf_changed":false},"product_brand":[],"product_cat":[180],"product_tag":[184,185],"class_list":{"0":"post-8414","1":"product","2":"type-product","3":"status-publish","4":"has-post-thumbnail","6":"product_cat-pet-treats-es","7":"product_tag-jerky-treats-es","8":"product_tag-nothing-but-natural-es","9":"product_shipping_class-free-shipping","11":"first","12":"instock","13":"taxable","14":"shipping-taxable","15":"purchasable","16":"product-type-simple"},"acf":[],"_links":{"self":[{"href":"https:\/\/evangersdogfood.com\/es\/wp-json\/wp\/v2\/product\/8414","targetHints":{"allow":["GET"]}}],"collection":[{"href":"https:\/\/evangersdogfood.com\/es\/wp-json\/wp\/v2\/product"}],"about":[{"href":"https:\/\/evangersdogfood.com\/es\/wp-json\/wp\/v2\/types\/product"}],"replies":[{"embeddable":true,"href":"https:\/\/evangersdogfood.com\/es\/wp-json\/wp\/v2\/comments?post=8414"}],"wp:featuredmedia":[{"embeddable":true,"href":"https:\/\/evangersdogfood.com\/es\/wp-json\/wp\/v2\/media\/8415"}],"wp:attachment":[{"href":"https:\/\/evangersdogfood.com\/es\/wp-json\/wp\/v2\/media?parent=8414"}],"wp:term":[{"taxonomy":"product_brand","embeddable":true,"href":"https:\/\/evangersdogfood.com\/es\/wp-json\/wp\/v2\/product_brand?post=8414"},{"taxonomy":"product_cat","embeddable":true,"href":"https:\/\/evangersdogfood.com\/es\/wp-json\/wp\/v2\/product_cat?post=8414"},{"taxonomy":"product_tag","embeddable":true,"href":"https:\/\/evangersdogfood.com\/es\/wp-json\/wp\/v2\/product_tag?post=8414"}],"curies":[{"name":"wp","href":"https:\/\/api.w.org\/{rel}","templated":true}]}}