{"id":8480,"date":"2015-03-13T13:03:07","date_gmt":"2015-03-13T18:03:07","guid":{"rendered":"https:\/\/evangersdogfood.com\/product\/30107\/"},"modified":"2024-11-18T09:08:06","modified_gmt":"2024-11-18T15:08:06","slug":"30107","status":"publish","type":"product","link":"https:\/\/evangersdogfood.com\/es\/product\/30107\/","title":{"rendered":"Cerdo sin cereales para perros y gatos 6 oz"},"content":{"rendered":"<p>Evanger&#8217;s Pork is Grain-Free and Gluten-Free, and makes a great complement to our Super Premium and Grain Free dry foods. It can also be mixed with Evanger&#8217;s canned Vegetarian Dinner to make a complete, balanced, and very nutritious diet.<\/p>\n","protected":false},"excerpt":{"rendered":"<p>Anime la hora de la comida con las ex\u00f3ticas carnes de caza sin cereales de Evanger. Se presentan en c\u00f3modas latas de 6 onzas con tap\u00f3n.<\/p>\n","protected":false},"featured_media":8481,"comment_status":"open","ping_status":"closed","template":"","meta":{"_acf_changed":false},"product_brand":[],"product_cat":[176],"product_tag":[183],"class_list":{"0":"post-8480","1":"product","2":"type-product","3":"status-publish","4":"has-post-thumbnail","6":"product_cat-dog-food-es","7":"product_tag-grain-free-game-meats-es","9":"first","10":"instock","11":"taxable","12":"shipping-taxable","13":"purchasable","14":"product-type-simple"},"acf":[],"_links":{"self":[{"href":"https:\/\/evangersdogfood.com\/es\/wp-json\/wp\/v2\/product\/8480","targetHints":{"allow":["GET"]}}],"collection":[{"href":"https:\/\/evangersdogfood.com\/es\/wp-json\/wp\/v2\/product"}],"about":[{"href":"https:\/\/evangersdogfood.com\/es\/wp-json\/wp\/v2\/types\/product"}],"replies":[{"embeddable":true,"href":"https:\/\/evangersdogfood.com\/es\/wp-json\/wp\/v2\/comments?post=8480"}],"wp:featuredmedia":[{"embeddable":true,"href":"https:\/\/evangersdogfood.com\/es\/wp-json\/wp\/v2\/media\/8481"}],"wp:attachment":[{"href":"https:\/\/evangersdogfood.com\/es\/wp-json\/wp\/v2\/media?parent=8480"}],"wp:term":[{"taxonomy":"product_brand","embeddable":true,"href":"https:\/\/evangersdogfood.com\/es\/wp-json\/wp\/v2\/product_brand?post=8480"},{"taxonomy":"product_cat","embeddable":true,"href":"https:\/\/evangersdogfood.com\/es\/wp-json\/wp\/v2\/product_cat?post=8480"},{"taxonomy":"product_tag","embeddable":true,"href":"https:\/\/evangersdogfood.com\/es\/wp-json\/wp\/v2\/product_tag?post=8480"}],"curies":[{"name":"wp","href":"https:\/\/api.w.org\/{rel}","templated":true}]}}